{"id":968,"date":"2019-03-24T21:02:26","date_gmt":"2019-03-24T20:02:26","guid":{"rendered":"http:\/\/www.clg-peguy-lechesnay.ac-versailles.fr\/?page_id=968"},"modified":"2022-09-08T11:22:26","modified_gmt":"2022-09-08T09:22:26","slug":"lintendance","status":"publish","type":"page","link":"https:\/\/clg-peguy-lechesnay.ac-versailles.fr\/?page_id=968","title":{"rendered":"Le service d&rsquo;intendance"},"content":{"rendered":"<div id=\"pl-968\"  class=\"panel-layout\" ><div id=\"pg-968-0\"  class=\"panel-grid panel-no-style\" ><div id=\"pgc-968-0-0\"  class=\"panel-grid-cell\" ><div id=\"panel-968-0-0-0\" class=\"so-panel widget widget_sow-editor panel-first-child panel-last-child\" data-index=\"0\" ><div\n\t\t\t\n\t\t\tclass=\"so-widget-sow-editor so-widget-sow-editor-base\"\n\t\t\t\n\t\t>\n<div class=\"siteorigin-widget-tinymce textwidget\">\n\t<p><img loading=\"lazy\" decoding=\"async\" class=\" wp-image-982 aligncenter\" src=\"https:\/\/clg-peguy-lechesnay.ac-versailles.fr\/wp-content\/uploads\/sites\/308\/2019\/03\/65020-1024x494.jpg\" alt=\"\" width=\"549\" height=\"265\" srcset=\"https:\/\/clg-peguy-lechesnay.ac-versailles.fr\/wp-content\/uploads\/sites\/308\/2019\/03\/65020-1024x494.jpg 1024w, https:\/\/clg-peguy-lechesnay.ac-versailles.fr\/wp-content\/uploads\/sites\/308\/2019\/03\/65020-500x241.jpg 500w, https:\/\/clg-peguy-lechesnay.ac-versailles.fr\/wp-content\/uploads\/sites\/308\/2019\/03\/65020-768x370.jpg 768w\" sizes=\"auto, (max-width: 549px) 100vw, 549px\" \/><\/p>\n<p>Le service intendance est charg\u00e9 de la gestion mat\u00e9rielle et financi\u00e8re du coll\u00e8ge.<\/p>\n<p><img loading=\"lazy\" decoding=\"async\" class=\"wp-image-2120 alignright\" src=\"https:\/\/clg-peguy-lechesnay.ac-versailles.fr\/wp-content\/uploads\/sites\/308\/2019\/08\/photo-CT-400x300.jpg\" alt=\"\" width=\"277\" height=\"208\" srcset=\"https:\/\/clg-peguy-lechesnay.ac-versailles.fr\/wp-content\/uploads\/sites\/308\/2019\/08\/photo-CT-400x300.jpg 400w, https:\/\/clg-peguy-lechesnay.ac-versailles.fr\/wp-content\/uploads\/sites\/308\/2019\/08\/photo-CT.jpg 461w\" sizes=\"auto, (max-width: 277px) 100vw, 277px\" \/>L\u2019<strong>adjoint gestionnaire<\/strong> est charg\u00e9 sous l\u2019autorit\u00e9 du chef d\u2019\u00e9tablissement, de la gestion administrative, financi\u00e8re et mat\u00e9rielle du coll\u00e8ge. Il organise le travail des personnels administratifs et techniques dont il a la charge et assure les relations avec le d\u00e9partement.<\/p>\n<p>Il assure la comptabilit\u00e9 du coll\u00e8ge,\u00a0 les commandes d\u2019\u00e9quipement mat\u00e9riel, met en place le budget annuel et contr\u00f4le sa r\u00e9alisation. Il g\u00e8re les dotations allou\u00e9es par l\u2019Etat et le D\u00e9partement et travaille en collaboration avec l\u2019Agent Comptable du Lyc\u00e9e Hoche \u00e0 Versailles.<\/p>\n<p>Il pr\u00e9pare les visites des commissions de s\u00e9curit\u00e9 et des organismes de contr\u00f4le r\u00e9glementaire et assure la pr\u00e9paration des exercices d\u2019\u00e9vacuation ou de confinement.<\/p>\n<p>Il est second\u00e9 dans ses t\u00e2ches par un secr\u00e9taire de gestion.<\/p>\n<p>La<strong> secr\u00e9taire de gestion<\/strong> est charg\u00e9 de la gestion des dossiers de bourses nationales octroy\u00e9es par l\u2019Etat.<\/p>\n<p>Elle effectue l\u2019encaissement des voyages et sorties scolaires et la gestion des aides propos\u00e9es aux familles.<\/p>\n<p>Elle s'occupe de la distribution, du suivi et du retour des manuels scolaires.<\/p>\n<p>&nbsp;<\/p>\n<p>&nbsp;<\/p>\n<p>&nbsp;<\/p>\n<\/div>\n<\/div><\/div><\/div><div id=\"pgc-968-0-1\"  class=\"panel-grid-cell\" ><div id=\"panel-968-0-1-0\" class=\"so-panel widget widget_wps_gfwidget panel-first-child\" data-index=\"1\" ><div class=\"panel-widget-style panel-widget-style-for-968-0-1-0\" ><div class=\"wps-gfwidget-output\" style=\"font-size:14px;line-height:auto;color:#333333;border-radius:0px;padding:15px 15px 15px 15px ;text-align:left;\"><div class=\"wps-gfwidget-overlay\" style=\"background-color:rgba(246,246,246,0.1);\"><\/div><div class=\"sticky top-left\"><img decoding=\"async\" src=\"https:\/\/clg-peguy-lechesnay.ac-versailles.fr\/wp-content\/plugins\/easy-customizable-text-widget\/assets\/images\/pins\/top-left-white.png\" \/><\/div><div class=\"wps-gfwidget-content\"><p>Gestionnaire adjoint : <strong>Mr Travers<\/strong ><br \/>\nContact :<strong> int.0783252L@ac-versailles.fr <\/strong><\/p>\n<p>Secr\u00e9taire adjointe :\u00a0<strong>Mme Kaddour<\/strong><br \/>\nContact :<strong> aulfa.kaddour@ac-versailles.fr <\/strong><\/p>\n<p>Accueil : du <strong>lundi au vendredi de 7h30 \u00e0 17h00. Le mercredi jusqu'\u00e0 12h00.<\/strong><br \/>\n Bureau au rez-de-chauss\u00e9e du b\u00e2timent A. <\/p>\n<p>T\u00e9l\u00e9phone : <strong>0139540957 <\/strong><\/p>\n<\/div><\/div><div class=\"wps-gfwidget-footer\"><div class=\"wps-gfwidget-footer-left\"><\/div><div class=\"wps-gfwidget-footer-right\"><\/div><\/div><\/div><\/div><div id=\"panel-968-0-1-1\" class=\"so-panel widget widget_colormag_300x250_advertisement_widget widget_300x250_advertisement\" data-index=\"2\" >\r\n\t\t<div class=\"advertisement_300x250\">\r\n\t\t\t<div class=\"cm-advertisement-content\"><img loading=\"lazy\" decoding=\"async\" src=\"https:\/\/clg-peguy-lechesnay.ac-versailles.fr\/wp-content\/uploads\/sites\/308\/2019\/03\/Fichier-1secretary4.png\" width=\"300\" height=\"250\" alt=\"\"><\/div>\t\t<\/div>\r\n\r\n\t\t<\/div><div id=\"panel-968-0-1-2\" class=\"so-panel widget widget_sow-editor\" data-index=\"3\" ><div\n\t\t\t\n\t\t\tclass=\"so-widget-sow-editor so-widget-sow-editor-base\"\n\t\t\t\n\t\t>\n<div class=\"siteorigin-widget-tinymce textwidget\">\n\t<p><span style=\"color: #339966\"><strong>Documents administratifs:<\/strong><\/span><\/p>\n<p>Pour les \u00e9l\u00e8ves du coll\u00e8ge, la <strong>demande de bourse<\/strong> se fait en ligne du <strong>02 septembre au 17 octobre 2019<\/strong>.<\/p>\n<\/div>\n<\/div><\/div><div id=\"panel-968-0-1-3\" class=\"so-panel widget widget_colormag_300x250_advertisement_widget widget_300x250_advertisement\" data-index=\"4\" >\r\n\t\t<div class=\"advertisement_300x250\">\r\n\t\t\t<div class=\"cm-advertisement-content\"><a href=\"https:\/\/teleservices.ac-versailles.fr\/login\/ct_logon_vk.jsp?CT_ORIG_URL=http%3A%2F%2Fteleservices.ac-versailles.fr%2Fts&amp;ct_orig_uri=%2Fts\" class=\"single_ad_300x250\" target=\"_blank\" rel=\"nofollow\"><img loading=\"lazy\" decoding=\"async\" src=\"https:\/\/clg-peguy-lechesnay.ac-versailles.fr\/wp-content\/uploads\/sites\/308\/2019\/09\/Bourse_college_visuel_web_700x283px_988376.jpg\" width=\"300\" height=\"250\" alt=\"\"><\/a><\/div>\t\t<\/div>\r\n\r\n\t\t<\/div><div id=\"panel-968-0-1-4\" class=\"so-panel widget widget_colormag_featured_posts_vertical_widget cm-featured-posts cm-featured-posts--style-2 panel-last-child\" data-index=\"5\" >\r\n\t\t<h3 class=\"cm-widget-title\" ><span >Infos intendance<\/span><\/h3><div class=\"cm-first-post\">\r\n\t\t\t<div class=\"cm-post\">\r\n\t\t\t\t<a href=\"https:\/\/clg-peguy-lechesnay.ac-versailles.fr\/?p=6389\" title=\"Bourses des coll\u00e8ges\"><img loading=\"lazy\" decoding=\"async\" width=\"390\" height=\"205\" src=\"https:\/\/clg-peguy-lechesnay.ac-versailles.fr\/wp-content\/uploads\/sites\/308\/2024\/09\/bourses-scolaires-2025-2026-3-390x205.png\" class=\"attachment-colormag-featured-post-medium size-colormag-featured-post-medium wp-post-image\" alt=\"Bourses des coll\u00e8ges\" title=\"Bourses des coll\u00e8ges\" \/><\/a><\/figure>\r\n\t\t\t\t<div class=\"cm-post-content\">\r\n\t\t\t\t\t<div class=\"cm-entry-header-meta\"><div class=\"cm-post-categories\"><a href=\"https:\/\/clg-peguy-lechesnay.ac-versailles.fr\/?cat=5\" style=\"background:#dd6666\" rel=\"category tag\">A la une<\/a><a href=\"https:\/\/clg-peguy-lechesnay.ac-versailles.fr\/?cat=4\" style=\"background:#2d933d\" rel=\"category tag\">Actualit\u00e9s<\/a><a href=\"https:\/\/clg-peguy-lechesnay.ac-versailles.fr\/?cat=53\" rel=\"category tag\">Administratif<\/a><\/div><\/div>\t\t<h3 class=\"cm-entry-title\">\r\n\t\t\t<a href=\"https:\/\/clg-peguy-lechesnay.ac-versailles.fr\/?p=6389\" title=\"Bourses des coll\u00e8ges\">\r\n\t\t\t\tBourses des coll\u00e8ges\t\t\t<\/a>\r\n\t\t<\/h3>\r\n\t\t<div class=\"cm-below-entry-meta \"><span class=\"cm-post-date\"><a href=\"https:\/\/clg-peguy-lechesnay.ac-versailles.fr\/?p=6389\" title=\"17 h 09 min\" rel=\"bookmark\"><svg class=\"cm-icon cm-icon--calendar-fill\" xmlns=\"http:\/\/www.w3.org\/2000\/svg\" viewBox=\"0 0 24 24\"><path d=\"M21.1 6.6v1.6c0 .6-.4 1-1 1H3.9c-.6 0-1-.4-1-1V6.6c0-1.5 1.3-2.8 2.8-2.8h1.7V3c0-.6.4-1 1-1s1 .4 1 1v.8h5.2V3c0-.6.4-1 1-1s1 .4 1 1v.8h1.7c1.5 0 2.8 1.3 2.8 2.8zm-1 4.6H3.9c-.6 0-1 .4-1 1v7c0 1.5 1.3 2.8 2.8 2.8h12.6c1.5 0 2.8-1.3 2.8-2.8v-7c0-.6-.4-1-1-1z\"><\/path><\/svg> <time class=\"entry-date published updated\" datetime=\"2025-09-06T17:09:00+02:00\">6 septembre 2025<\/time><\/a><\/span>\r\n\t\t<span class=\"cm-author cm-vcard\">\r\n\t\t\t<svg class=\"cm-icon cm-icon--user\" xmlns=\"http:\/\/www.w3.org\/2000\/svg\" viewBox=\"0 0 24 24\"><path d=\"M7 7c0-2.8 2.2-5 5-5s5 2.2 5 5-2.2 5-5 5-5-2.2-5-5zm9 7H8c-2.8 0-5 2.2-5 5v2c0 .6.4 1 1 1h16c.6 0 1-.4 1-1v-2c0-2.8-2.2-5-5-5z\"><\/path><\/svg>\t\t\t<a class=\"url fn n\"\r\n\t\t\thref=\"https:\/\/clg-peguy-lechesnay.ac-versailles.fr\/?author=1351\"\r\n\t\t\ttitle=\"Cl\u00e9ment TRAVERS\"\r\n\t\t\t>\r\n\t\t\t\tCl\u00e9ment TRAVERS\t\t\t<\/a>\r\n\t\t<\/span>\r\n\r\n\t\t<\/div>\r\n\t\t\t\t\t\t\t\t\t\t\t<div class=\"cm-entry-summary\">\r\n\t\t\t\t\t\t\t<p>Chers parents, La campagne des bourses nationales a d\u00e9but\u00e9 le 1er septembre 2024 et se terminera le Jeudi 16 octobre<\/p>\n\t\t\t\t\t\t<\/div>\r\n\t\t\t\t\t\t\t\t\t<\/div>\r\n\t\t\t<\/div>\r\n\r\n\t\t\t<\/div><div class=\"cm-posts\">\r\n\t\t\t<div class=\"cm-post\">\r\n\t\t\t\t<a href=\"https:\/\/clg-peguy-lechesnay.ac-versailles.fr\/?p=9507\" title=\"Fournitures scolaires 2025-2026\"><img loading=\"lazy\" decoding=\"async\" width=\"130\" height=\"90\" src=\"https:\/\/clg-peguy-lechesnay.ac-versailles.fr\/wp-content\/uploads\/sites\/308\/2024\/06\/Fournitures-scolaires-25-26-130x90.jpg\" class=\"attachment-colormag-featured-post-small size-colormag-featured-post-small wp-post-image\" alt=\"Fournitures scolaires 2025-2026\" title=\"Fournitures scolaires 2025-2026\" srcset=\"https:\/\/clg-peguy-lechesnay.ac-versailles.fr\/wp-content\/uploads\/sites\/308\/2024\/06\/Fournitures-scolaires-25-26-130x90.jpg 130w, https:\/\/clg-peguy-lechesnay.ac-versailles.fr\/wp-content\/uploads\/sites\/308\/2024\/06\/Fournitures-scolaires-25-26-392x272.jpg 392w\" sizes=\"auto, (max-width: 130px) 100vw, 130px\" \/><\/a><\/figure>\r\n\t\t\t\t<div class=\"cm-post-content\">\r\n\t\t\t\t\t<div class=\"cm-entry-header-meta\"><div class=\"cm-post-categories\"><a href=\"https:\/\/clg-peguy-lechesnay.ac-versailles.fr\/?cat=5\" style=\"background:#dd6666\" rel=\"category tag\">A la une<\/a><a href=\"https:\/\/clg-peguy-lechesnay.ac-versailles.fr\/?cat=4\" style=\"background:#2d933d\" rel=\"category tag\">Actualit\u00e9s<\/a><a href=\"https:\/\/clg-peguy-lechesnay.ac-versailles.fr\/?cat=53\" rel=\"category tag\">Administratif<\/a><a href=\"https:\/\/clg-peguy-lechesnay.ac-versailles.fr\/?cat=58\" rel=\"category tag\">Administration<\/a><\/div><\/div>\t\t<h3 class=\"cm-entry-title\">\r\n\t\t\t<a href=\"https:\/\/clg-peguy-lechesnay.ac-versailles.fr\/?p=9507\" title=\"Fournitures scolaires 2025-2026\">\r\n\t\t\t\tFournitures scolaires 2025-2026\t\t\t<\/a>\r\n\t\t<\/h3>\r\n\t\t<div class=\"cm-below-entry-meta \"><span class=\"cm-post-date\"><a href=\"https:\/\/clg-peguy-lechesnay.ac-versailles.fr\/?p=9507\" title=\"9 h 25 min\" rel=\"bookmark\"><svg class=\"cm-icon cm-icon--calendar-fill\" xmlns=\"http:\/\/www.w3.org\/2000\/svg\" viewBox=\"0 0 24 24\"><path d=\"M21.1 6.6v1.6c0 .6-.4 1-1 1H3.9c-.6 0-1-.4-1-1V6.6c0-1.5 1.3-2.8 2.8-2.8h1.7V3c0-.6.4-1 1-1s1 .4 1 1v.8h5.2V3c0-.6.4-1 1-1s1 .4 1 1v.8h1.7c1.5 0 2.8 1.3 2.8 2.8zm-1 4.6H3.9c-.6 0-1 .4-1 1v7c0 1.5 1.3 2.8 2.8 2.8h12.6c1.5 0 2.8-1.3 2.8-2.8v-7c0-.6-.4-1-1-1z\"><\/path><\/svg> <time class=\"entry-date published updated\" datetime=\"2025-06-20T09:25:23+02:00\">20 juin 2025<\/time><\/a><\/span>\r\n\t\t<span class=\"cm-author cm-vcard\">\r\n\t\t\t<svg class=\"cm-icon cm-icon--user\" xmlns=\"http:\/\/www.w3.org\/2000\/svg\" viewBox=\"0 0 24 24\"><path d=\"M7 7c0-2.8 2.2-5 5-5s5 2.2 5 5-2.2 5-5 5-5-2.2-5-5zm9 7H8c-2.8 0-5 2.2-5 5v2c0 .6.4 1 1 1h16c.6 0 1-.4 1-1v-2c0-2.8-2.2-5-5-5z\"><\/path><\/svg>\t\t\t<a class=\"url fn n\"\r\n\t\t\thref=\"https:\/\/clg-peguy-lechesnay.ac-versailles.fr\/?author=2028\"\r\n\t\t\ttitle=\"NOGARO Eric\"\r\n\t\t\t>\r\n\t\t\t\tNOGARO Eric\t\t\t<\/a>\r\n\t\t<\/span>\r\n\r\n\t\t<\/div>\r\n\t\t\t\t\t\t\t\t\t<\/div>\r\n\t\t\t<\/div>\r\n\r\n\t\t\t\r\n\t\t\t<div class=\"cm-post\">\r\n\t\t\t\t<a href=\"https:\/\/clg-peguy-lechesnay.ac-versailles.fr\/?p=4602\" title=\"Fournitures scolaires 2023\"><img loading=\"lazy\" decoding=\"async\" width=\"130\" height=\"90\" src=\"https:\/\/clg-peguy-lechesnay.ac-versailles.fr\/wp-content\/uploads\/sites\/308\/2023\/06\/Visuels-college-1-130x90.png\" class=\"attachment-colormag-featured-post-small size-colormag-featured-post-small wp-post-image\" alt=\"Fournitures scolaires 2023\" title=\"Fournitures scolaires 2023\" srcset=\"https:\/\/clg-peguy-lechesnay.ac-versailles.fr\/wp-content\/uploads\/sites\/308\/2023\/06\/Visuels-college-1-130x90.png 130w, https:\/\/clg-peguy-lechesnay.ac-versailles.fr\/wp-content\/uploads\/sites\/308\/2023\/06\/Visuels-college-1-392x272.png 392w\" sizes=\"auto, (max-width: 130px) 100vw, 130px\" \/><\/a><\/figure>\r\n\t\t\t\t<div class=\"cm-post-content\">\r\n\t\t\t\t\t<div class=\"cm-entry-header-meta\"><div class=\"cm-post-categories\"><a href=\"https:\/\/clg-peguy-lechesnay.ac-versailles.fr\/?cat=53\" rel=\"category tag\">Administratif<\/a><a href=\"https:\/\/clg-peguy-lechesnay.ac-versailles.fr\/?cat=58\" rel=\"category tag\">Administration<\/a><\/div><\/div>\t\t<h3 class=\"cm-entry-title\">\r\n\t\t\t<a href=\"https:\/\/clg-peguy-lechesnay.ac-versailles.fr\/?p=4602\" title=\"Fournitures scolaires 2023\">\r\n\t\t\t\tFournitures scolaires 2023\t\t\t<\/a>\r\n\t\t<\/h3>\r\n\t\t<div class=\"cm-below-entry-meta \"><span class=\"cm-post-date\"><a href=\"https:\/\/clg-peguy-lechesnay.ac-versailles.fr\/?p=4602\" title=\"9 h 58 min\" rel=\"bookmark\"><svg class=\"cm-icon cm-icon--calendar-fill\" xmlns=\"http:\/\/www.w3.org\/2000\/svg\" viewBox=\"0 0 24 24\"><path d=\"M21.1 6.6v1.6c0 .6-.4 1-1 1H3.9c-.6 0-1-.4-1-1V6.6c0-1.5 1.3-2.8 2.8-2.8h1.7V3c0-.6.4-1 1-1s1 .4 1 1v.8h5.2V3c0-.6.4-1 1-1s1 .4 1 1v.8h1.7c1.5 0 2.8 1.3 2.8 2.8zm-1 4.6H3.9c-.6 0-1 .4-1 1v7c0 1.5 1.3 2.8 2.8 2.8h12.6c1.5 0 2.8-1.3 2.8-2.8v-7c0-.6-.4-1-1-1z\"><\/path><\/svg> <time class=\"entry-date published updated\" datetime=\"2023-07-16T09:58:33+02:00\">16 juillet 2023<\/time><\/a><\/span>\r\n\t\t<span class=\"cm-author cm-vcard\">\r\n\t\t\t<svg class=\"cm-icon cm-icon--user\" xmlns=\"http:\/\/www.w3.org\/2000\/svg\" viewBox=\"0 0 24 24\"><path d=\"M7 7c0-2.8 2.2-5 5-5s5 2.2 5 5-2.2 5-5 5-5-2.2-5-5zm9 7H8c-2.8 0-5 2.2-5 5v2c0 .6.4 1 1 1h16c.6 0 1-.4 1-1v-2c0-2.8-2.2-5-5-5z\"><\/path><\/svg>\t\t\t<a class=\"url fn n\"\r\n\t\t\thref=\"https:\/\/clg-peguy-lechesnay.ac-versailles.fr\/?author=2028\"\r\n\t\t\ttitle=\"NOGARO Eric\"\r\n\t\t\t>\r\n\t\t\t\tNOGARO Eric\t\t\t<\/a>\r\n\t\t<\/span>\r\n\r\n\t\t<\/div>\r\n\t\t\t\t\t\t\t\t\t<\/div>\r\n\t\t\t<\/div>\r\n\r\n\t\t\t\r\n\t\t\t<div class=\"cm-post\">\r\n\t\t\t\t<a href=\"https:\/\/clg-peguy-lechesnay.ac-versailles.fr\/?p=5467\" title=\"Un Pass Culture pour les \u00e9l\u00e8ves de 3i\u00e8mes\"><img loading=\"lazy\" decoding=\"async\" width=\"130\" height=\"90\" src=\"https:\/\/clg-peguy-lechesnay.ac-versailles.fr\/wp-content\/uploads\/sites\/308\/2022\/01\/pass-culture-130x90.png\" class=\"attachment-colormag-featured-post-small size-colormag-featured-post-small wp-post-image\" alt=\"Un Pass Culture pour les \u00e9l\u00e8ves de 3i\u00e8mes\" title=\"Un Pass Culture pour les \u00e9l\u00e8ves de 3i\u00e8mes\" srcset=\"https:\/\/clg-peguy-lechesnay.ac-versailles.fr\/wp-content\/uploads\/sites\/308\/2022\/01\/pass-culture-130x90.png 130w, https:\/\/clg-peguy-lechesnay.ac-versailles.fr\/wp-content\/uploads\/sites\/308\/2022\/01\/pass-culture-392x272.png 392w\" sizes=\"auto, (max-width: 130px) 100vw, 130px\" \/><\/a><\/figure>\r\n\t\t\t\t<div class=\"cm-post-content\">\r\n\t\t\t\t\t<div class=\"cm-entry-header-meta\"><div class=\"cm-post-categories\"><a href=\"https:\/\/clg-peguy-lechesnay.ac-versailles.fr\/?cat=4\" style=\"background:#2d933d\" rel=\"category tag\">Actualit\u00e9s<\/a><a href=\"https:\/\/clg-peguy-lechesnay.ac-versailles.fr\/?cat=53\" rel=\"category tag\">Administratif<\/a><a href=\"https:\/\/clg-peguy-lechesnay.ac-versailles.fr\/?cat=43\" rel=\"category tag\">Parcours \u00e9ducation artistique et culturelle<\/a><\/div><\/div>\t\t<h3 class=\"cm-entry-title\">\r\n\t\t\t<a href=\"https:\/\/clg-peguy-lechesnay.ac-versailles.fr\/?p=5467\" title=\"Un Pass Culture pour les \u00e9l\u00e8ves de 3i\u00e8mes\">\r\n\t\t\t\tUn Pass Culture pour les \u00e9l\u00e8ves de 3i\u00e8mes\t\t\t<\/a>\r\n\t\t<\/h3>\r\n\t\t<div class=\"cm-below-entry-meta \"><span class=\"cm-post-date\"><a href=\"https:\/\/clg-peguy-lechesnay.ac-versailles.fr\/?p=5467\" title=\"14 h 38 min\" rel=\"bookmark\"><svg class=\"cm-icon cm-icon--calendar-fill\" xmlns=\"http:\/\/www.w3.org\/2000\/svg\" viewBox=\"0 0 24 24\"><path d=\"M21.1 6.6v1.6c0 .6-.4 1-1 1H3.9c-.6 0-1-.4-1-1V6.6c0-1.5 1.3-2.8 2.8-2.8h1.7V3c0-.6.4-1 1-1s1 .4 1 1v.8h5.2V3c0-.6.4-1 1-1s1 .4 1 1v.8h1.7c1.5 0 2.8 1.3 2.8 2.8zm-1 4.6H3.9c-.6 0-1 .4-1 1v7c0 1.5 1.3 2.8 2.8 2.8h12.6c1.5 0 2.8-1.3 2.8-2.8v-7c0-.6-.4-1-1-1z\"><\/path><\/svg> <time class=\"entry-date published updated\" datetime=\"2022-01-28T14:38:24+01:00\">28 janvier 2022<\/time><\/a><\/span>\r\n\t\t<span class=\"cm-author cm-vcard\">\r\n\t\t\t<svg class=\"cm-icon cm-icon--user\" xmlns=\"http:\/\/www.w3.org\/2000\/svg\" viewBox=\"0 0 24 24\"><path d=\"M7 7c0-2.8 2.2-5 5-5s5 2.2 5 5-2.2 5-5 5-5-2.2-5-5zm9 7H8c-2.8 0-5 2.2-5 5v2c0 .6.4 1 1 1h16c.6 0 1-.4 1-1v-2c0-2.8-2.2-5-5-5z\"><\/path><\/svg>\t\t\t<a class=\"url fn n\"\r\n\t\t\thref=\"https:\/\/clg-peguy-lechesnay.ac-versailles.fr\/?author=1351\"\r\n\t\t\ttitle=\"Cl\u00e9ment TRAVERS\"\r\n\t\t\t>\r\n\t\t\t\tCl\u00e9ment TRAVERS\t\t\t<\/a>\r\n\t\t<\/span>\r\n\r\n\t\t<\/div>\r\n\t\t\t\t\t\t\t\t\t<\/div>\r\n\t\t\t<\/div>\r\n\r\n\t\t\t<\/div><\/div><\/div><\/div><\/div>","protected":false},"excerpt":{"rendered":"<p>Le service intendance est charg\u00e9 de la gestion mat\u00e9rielle et financi\u00e8re du coll\u00e8ge. L\u2019adjoint gestionnaire est charg\u00e9 sous l\u2019autorit\u00e9 du<\/p>\n","protected":false},"author":2028,"featured_media":0,"parent":0,"menu_order":0,"comment_status":"closed","ping_status":"closed","template":"","meta":{"colormag_page_container_layout":"default_layout","colormag_page_sidebar_layout":"default_layout","_crdt_document":"","footnotes":""},"class_list":["post-968","page","type-page","status-publish","hentry"],"_links":{"self":[{"href":"https:\/\/clg-peguy-lechesnay.ac-versailles.fr\/index.php?rest_route=\/wp\/v2\/pages\/968","targetHints":{"allow":["GET"]}}],"collection":[{"href":"https:\/\/clg-peguy-lechesnay.ac-versailles.fr\/index.php?rest_route=\/wp\/v2\/pages"}],"about":[{"href":"https:\/\/clg-peguy-lechesnay.ac-versailles.fr\/index.php?rest_route=\/wp\/v2\/types\/page"}],"author":[{"embeddable":true,"href":"https:\/\/clg-peguy-lechesnay.ac-versailles.fr\/index.php?rest_route=\/wp\/v2\/users\/2028"}],"replies":[{"embeddable":true,"href":"https:\/\/clg-peguy-lechesnay.ac-versailles.fr\/index.php?rest_route=%2Fwp%2Fv2%2Fcomments&post=968"}],"version-history":[{"count":11,"href":"https:\/\/clg-peguy-lechesnay.ac-versailles.fr\/index.php?rest_route=\/wp\/v2\/pages\/968\/revisions"}],"predecessor-version":[{"id":6355,"href":"https:\/\/clg-peguy-lechesnay.ac-versailles.fr\/index.php?rest_route=\/wp\/v2\/pages\/968\/revisions\/6355"}],"wp:attachment":[{"href":"https:\/\/clg-peguy-lechesnay.ac-versailles.fr\/index.php?rest_route=%2Fwp%2Fv2%2Fmedia&parent=968"}],"curies":[{"name":"wp","href":"https:\/\/api.w.org\/{rel}","templated":true}]}}