{"id":903,"date":"2019-03-24T18:07:40","date_gmt":"2019-03-24T17:07:40","guid":{"rendered":"http:\/\/www.clg-peguy-lechesnay.ac-versailles.fr\/?page_id=903"},"modified":"2020-11-21T15:36:24","modified_gmt":"2020-11-21T14:36:24","slug":"secretariat-2","status":"publish","type":"page","link":"https:\/\/clg-peguy-lechesnay.ac-versailles.fr\/?page_id=903","title":{"rendered":"Le secr\u00e9tariat"},"content":{"rendered":"<div id=\"pl-903\"  class=\"panel-layout\" ><div id=\"pg-903-0\"  class=\"panel-grid panel-no-style\" ><div id=\"pgc-903-0-0\"  class=\"panel-grid-cell\" ><div id=\"panel-903-0-0-0\" class=\"so-panel widget widget_sow-editor panel-first-child panel-last-child\" data-index=\"0\" ><div\n\t\t\t\n\t\t\tclass=\"so-widget-sow-editor so-widget-sow-editor-base\"\n\t\t\t\n\t\t>\n<div class=\"siteorigin-widget-tinymce textwidget\">\n\t<p><img loading=\"lazy\" decoding=\"async\" class=\"wp-image-958 aligncenter\" src=\"https:\/\/clg-peguy-lechesnay.ac-versailles.fr\/wp-content\/uploads\/sites\/308\/2019\/03\/78628-1-1024x512.jpg\" alt=\"\" width=\"568\" height=\"284\" srcset=\"https:\/\/clg-peguy-lechesnay.ac-versailles.fr\/wp-content\/uploads\/sites\/308\/2019\/03\/78628-1-1024x512.jpg 1024w, https:\/\/clg-peguy-lechesnay.ac-versailles.fr\/wp-content\/uploads\/sites\/308\/2019\/03\/78628-1-500x250.jpg 500w, https:\/\/clg-peguy-lechesnay.ac-versailles.fr\/wp-content\/uploads\/sites\/308\/2019\/03\/78628-1-768x384.jpg 768w\" sizes=\"auto, (max-width: 568px) 100vw, 568px\" \/><\/p>\n<p>Le secr\u00e9tariat du coll\u00e8ge est un lieu central pour toutes les d\u00e9marches administratives de la communaut\u00e9 \u00e9ducative. Il pr\u00e9pare les dossiers particuliers, r\u00e9dige les synth\u00e8ses de r\u00e9unions, , diffuse les documents au sein de l'\u00e9tablissement... C'est pourquoi l'\u00e9quipe administrative est un interlocuteur incontournable de la vie du coll\u00e8ge.<\/p>\n<p><img loading=\"lazy\" decoding=\"async\" class=\"size-full wp-image-946 alignleft\" src=\"https:\/\/clg-peguy-lechesnay.ac-versailles.fr\/wp-content\/uploads\/sites\/308\/2019\/03\/Fichier-1secretary.png\" alt=\"\" width=\"101\" height=\"124\" \/>Le personnel administratif est le premier contact des familles: inscription, certificat de scolarit\u00e9 ou \"exeat\", demande de rendez-vous avec la direction.<\/p>\n<p>Il pr\u00e9pare \u00e9galement tous les actes relatifs au conseil d'administration et aux \u00e9lections de parents d'\u00e9l\u00e8ves.<\/p>\n<p>Les personnels administratifs de notre coll\u00e8ge peuvent avoir des missions plus larges selon leurs affectations: ils peuvent ainsi \u00eatre amen\u00e9 \u00e0 assurer l'organisation des examens, \u00e0 participer \u00e0 la gestion des personnels, \u00e0 devenir personnel ressource pour le d\u00e9veloppement num\u00e9rique.\u00a0 \u00a0 \u00a0\u00a0<em>sources ONISEP<\/em><\/p>\n<p><img loading=\"lazy\" decoding=\"async\" class=\"alignright size-full wp-image-947\" src=\"https:\/\/clg-peguy-lechesnay.ac-versailles.fr\/wp-content\/uploads\/sites\/308\/2019\/03\/Fichier-3secretary.png\" alt=\"\" width=\"129\" height=\"120\" \/>Malgr\u00e9 leurs multiples occupations, nos secr\u00e9taires savent toujours se rendre disponibles. Leur porte de bureau est toujours ouverte pour apporter l'aide n\u00e9cessaire aux \u00e9l\u00e8ves, parents et enseignants.<\/p>\n<\/div>\n<\/div><\/div><\/div><div id=\"pgc-903-0-1\"  class=\"panel-grid-cell\" ><div id=\"panel-903-0-1-0\" class=\"so-panel widget widget_wps_gfwidget panel-first-child\" data-index=\"1\" ><div class=\"panel-widget-style panel-widget-style-for-903-0-1-0\" ><div class=\"wps-gfwidget-output\" style=\"font-size:14px;line-height:auto;color:#333333;border-radius:0px;padding:15px 15px 15px 15px ;text-align:left;\"><div class=\"wps-gfwidget-overlay\" style=\"background-color:rgba(246,246,246,0.1);\"><\/div><div class=\"sticky top-left\"><img decoding=\"async\" src=\"https:\/\/clg-peguy-lechesnay.ac-versailles.fr\/wp-content\/plugins\/easy-customizable-text-widget\/assets\/images\/pins\/top-left-white.png\" \/><\/div><div class=\"wps-gfwidget-content\"><p>Secr\u00e9taire de direction : <strong>Mme Munier-Jolain<\/strong ><\/p>\n<p>Secr\u00e9taire :\u00a0<strong>Mme Bourlaud<\/strong><\/p>\n<p>Accueil t\u00e9l\u00e9phonique et secr\u00e9tariat : du <strong>lundi au vendredi de 9h00 \u00e0 18h00. Le mercredi jusqu'\u00e0 13h00.<\/strong><br \/>\n Bureau au rez-de-chauss\u00e9e du b\u00e2timent A. <\/p>\n<p>T\u00e9l\u00e9phone : <strong>0139540957 <\/strong><br \/>\nCourriel : <strong>ce.0783252L@ac-versailles.fr-<\/strong><\/p>\n<\/div><\/div><div class=\"wps-gfwidget-footer\"><div class=\"wps-gfwidget-footer-left\"><\/div><div class=\"wps-gfwidget-footer-right\"><\/div><\/div><\/div><\/div><div id=\"panel-903-0-1-1\" class=\"so-panel widget widget_colormag_300x250_advertisement_widget widget_300x250_advertisement\" data-index=\"2\" >\r\n\t\t<div class=\"advertisement_300x250\">\r\n\t\t\t<div class=\"cm-advertisement-content\"><img loading=\"lazy\" decoding=\"async\" src=\"https:\/\/clg-peguy-lechesnay.ac-versailles.fr\/wp-content\/uploads\/sites\/308\/2019\/03\/Fichier-1person56.png\" width=\"300\" height=\"250\" alt=\"\"><\/div>\t\t<\/div>\r\n\r\n\t\t<\/div><div id=\"panel-903-0-1-2\" class=\"so-panel widget widget_sow-editor\" data-index=\"3\" ><div\n\t\t\t\n\t\t\tclass=\"so-widget-sow-editor so-widget-sow-editor-base\"\n\t\t\t\n\t\t>\n<div class=\"siteorigin-widget-tinymce textwidget\">\n\t<p><span style=\"color: #339966\"><strong>Documents administratifs :<\/strong><\/span><\/p>\n<p>\u00e0 venir...<\/p>\n<\/div>\n<\/div><\/div><div id=\"panel-903-0-1-3\" class=\"so-panel widget widget_colormag_featured_posts_vertical_widget cm-featured-posts cm-featured-posts--style-2 panel-last-child\" data-index=\"4\" >\r\n\t\t<h3 class=\"cm-widget-title\" ><span >Infos secr\u00e9tariat<\/span><\/h3><div class=\"cm-first-post\">\r\n\t\t\t<div class=\"cm-post\">\r\n\t\t\t\t<a href=\"https:\/\/clg-peguy-lechesnay.ac-versailles.fr\/?p=1985\" title=\"Fournitures scolaires 2020\"><img loading=\"lazy\" decoding=\"async\" width=\"390\" height=\"205\" src=\"https:\/\/clg-peguy-lechesnay.ac-versailles.fr\/wp-content\/uploads\/sites\/308\/2020\/07\/1193-390x205.jpg\" class=\"attachment-colormag-featured-post-medium size-colormag-featured-post-medium wp-post-image\" alt=\"Fournitures scolaires 2020\" title=\"Fournitures scolaires 2020\" \/><\/a><\/figure>\r\n\t\t\t\t<div class=\"cm-post-content\">\r\n\t\t\t\t\t<div class=\"cm-entry-header-meta\"><div class=\"cm-post-categories\"><a href=\"https:\/\/clg-peguy-lechesnay.ac-versailles.fr\/?cat=4\" style=\"background:#2d933d\" rel=\"category tag\">Actualit\u00e9s<\/a><a href=\"https:\/\/clg-peguy-lechesnay.ac-versailles.fr\/?cat=70\" rel=\"category tag\">secretariat<\/a><\/div><\/div>\t\t<h3 class=\"cm-entry-title\">\r\n\t\t\t<a href=\"https:\/\/clg-peguy-lechesnay.ac-versailles.fr\/?p=1985\" title=\"Fournitures scolaires 2020\">\r\n\t\t\t\tFournitures scolaires 2020\t\t\t<\/a>\r\n\t\t<\/h3>\r\n\t\t<div class=\"cm-below-entry-meta \"><span class=\"cm-post-date\"><a href=\"https:\/\/clg-peguy-lechesnay.ac-versailles.fr\/?p=1985\" title=\"9 h 30 min\" rel=\"bookmark\"><svg class=\"cm-icon cm-icon--calendar-fill\" xmlns=\"http:\/\/www.w3.org\/2000\/svg\" viewBox=\"0 0 24 24\"><path d=\"M21.1 6.6v1.6c0 .6-.4 1-1 1H3.9c-.6 0-1-.4-1-1V6.6c0-1.5 1.3-2.8 2.8-2.8h1.7V3c0-.6.4-1 1-1s1 .4 1 1v.8h5.2V3c0-.6.4-1 1-1s1 .4 1 1v.8h1.7c1.5 0 2.8 1.3 2.8 2.8zm-1 4.6H3.9c-.6 0-1 .4-1 1v7c0 1.5 1.3 2.8 2.8 2.8h12.6c1.5 0 2.8-1.3 2.8-2.8v-7c0-.6-.4-1-1-1z\"><\/path><\/svg> <time class=\"entry-date published updated\" datetime=\"2020-07-10T09:30:53+02:00\">10 juillet 2020<\/time><\/a><\/span>\r\n\t\t<span class=\"cm-author cm-vcard\">\r\n\t\t\t<svg class=\"cm-icon cm-icon--user\" xmlns=\"http:\/\/www.w3.org\/2000\/svg\" viewBox=\"0 0 24 24\"><path d=\"M7 7c0-2.8 2.2-5 5-5s5 2.2 5 5-2.2 5-5 5-5-2.2-5-5zm9 7H8c-2.8 0-5 2.2-5 5v2c0 .6.4 1 1 1h16c.6 0 1-.4 1-1v-2c0-2.8-2.2-5-5-5z\"><\/path><\/svg>\t\t\t<a class=\"url fn n\"\r\n\t\t\thref=\"https:\/\/clg-peguy-lechesnay.ac-versailles.fr\/?author=2028\"\r\n\t\t\ttitle=\"NOGARO Eric\"\r\n\t\t\t>\r\n\t\t\t\tNOGARO Eric\t\t\t<\/a>\r\n\t\t<\/span>\r\n\r\n\t\t<\/div>\r\n\t\t\t\t\t\t\t\t\t\t\t<div class=\"cm-entry-summary\">\r\n\t\t\t\t\t\t\t<p>Voici la liste des fournitures scolaires demand\u00e9es en d\u00e9but d&rsquo;ann\u00e9e par l&rsquo;ensemble des enseignants. Certaines fournitures pourront \u00eatre rajout\u00e9es en<\/p>\n\t\t\t\t\t\t<\/div>\r\n\t\t\t\t\t\t\t\t\t<\/div>\r\n\t\t\t<\/div>\r\n\r\n\t\t\t<\/div><\/div><\/div><\/div><\/div>","protected":false},"excerpt":{"rendered":"<p>Le secr\u00e9tariat du coll\u00e8ge est un lieu central pour toutes les d\u00e9marches administratives de la communaut\u00e9 \u00e9ducative. Il pr\u00e9pare les<\/p>\n","protected":false},"author":2028,"featured_media":0,"parent":0,"menu_order":0,"comment_status":"closed","ping_status":"closed","template":"","meta":{"colormag_page_container_layout":"no_sidebar_full_width","colormag_page_sidebar_layout":"no_sidebar","_crdt_document":"","footnotes":""},"class_list":["post-903","page","type-page","status-publish","hentry"],"_links":{"self":[{"href":"https:\/\/clg-peguy-lechesnay.ac-versailles.fr\/index.php?rest_route=\/wp\/v2\/pages\/903","targetHints":{"allow":["GET"]}}],"collection":[{"href":"https:\/\/clg-peguy-lechesnay.ac-versailles.fr\/index.php?rest_route=\/wp\/v2\/pages"}],"about":[{"href":"https:\/\/clg-peguy-lechesnay.ac-versailles.fr\/index.php?rest_route=\/wp\/v2\/types\/page"}],"author":[{"embeddable":true,"href":"https:\/\/clg-peguy-lechesnay.ac-versailles.fr\/index.php?rest_route=\/wp\/v2\/users\/2028"}],"replies":[{"embeddable":true,"href":"https:\/\/clg-peguy-lechesnay.ac-versailles.fr\/index.php?rest_route=%2Fwp%2Fv2%2Fcomments&post=903"}],"version-history":[{"count":11,"href":"https:\/\/clg-peguy-lechesnay.ac-versailles.fr\/index.php?rest_route=\/wp\/v2\/pages\/903\/revisions"}],"predecessor-version":[{"id":3875,"href":"https:\/\/clg-peguy-lechesnay.ac-versailles.fr\/index.php?rest_route=\/wp\/v2\/pages\/903\/revisions\/3875"}],"wp:attachment":[{"href":"https:\/\/clg-peguy-lechesnay.ac-versailles.fr\/index.php?rest_route=%2Fwp%2Fv2%2Fmedia&parent=903"}],"curies":[{"name":"wp","href":"https:\/\/api.w.org\/{rel}","templated":true}]}}