{"id":8272,"date":"2023-10-08T21:41:57","date_gmt":"2023-10-08T19:41:57","guid":{"rendered":"https:\/\/clg-peguy-lechesnay.ac-versailles.fr\/?page_id=8272"},"modified":"2025-10-04T15:28:58","modified_gmt":"2025-10-04T13:28:58","slug":"association-parents-deleves","status":"publish","type":"page","link":"https:\/\/clg-peguy-lechesnay.ac-versailles.fr\/?page_id=8272","title":{"rendered":"Associations parents d&rsquo;\u00e9l\u00e8ves"},"content":{"rendered":"\n<p class=\"wp-block-paragraph\"><strong>Au coll\u00e8ge, deux associations de parents d\u2019\u00e9l\u00e8ves, la PEEP et l\u2019UNAAPE, sont pr\u00e9sentes pour vous repr\u00e9senter aupr\u00e8s des \u00e9quipes administratives et \u00e9ducatives du coll\u00e8ge.&nbsp;<\/strong><\/p>\n\n\n\n<div class=\"wp-block-columns is-layout-flex wp-container-core-columns-is-layout-7387b849 wp-block-columns-is-layout-flex\">\n<div class=\"wp-block-column is-layout-flow wp-block-column-is-layout-flow\">\n<div class=\"wp-block-media-text is-stacked-on-mobile\"><figure class=\"wp-block-media-text__media\"><img loading=\"lazy\" decoding=\"async\" width=\"1024\" height=\"280\" src=\"https:\/\/clg-peguy-lechesnay.ac-versailles.fr\/wp-content\/uploads\/sites\/308\/2023\/10\/LOGO-PEEP-1-1024x280.png\" alt=\"\" class=\"wp-image-8309 size-full\" srcset=\"https:\/\/clg-peguy-lechesnay.ac-versailles.fr\/wp-content\/uploads\/sites\/308\/2023\/10\/LOGO-PEEP-1-1024x280.png 1024w, https:\/\/clg-peguy-lechesnay.ac-versailles.fr\/wp-content\/uploads\/sites\/308\/2023\/10\/LOGO-PEEP-1-500x137.png 500w, https:\/\/clg-peguy-lechesnay.ac-versailles.fr\/wp-content\/uploads\/sites\/308\/2023\/10\/LOGO-PEEP-1-768x210.png 768w, https:\/\/clg-peguy-lechesnay.ac-versailles.fr\/wp-content\/uploads\/sites\/308\/2023\/10\/LOGO-PEEP-1-1536x420.png 1536w, https:\/\/clg-peguy-lechesnay.ac-versailles.fr\/wp-content\/uploads\/sites\/308\/2023\/10\/LOGO-PEEP-1.png 1600w\" sizes=\"auto, (max-width: 1024px) 100vw, 1024px\" \/><\/figure><div class=\"wp-block-media-text__content\">\n<h2 class=\"wp-block-heading has-text-align-center\"><strong><mark style=\"background-color:#ffffff\" class=\"has-inline-color has-vivid-cyan-blue-color\">PEEP<\/mark><\/strong><\/h2>\n<\/div><\/div>\n\n\n\n<div class=\"wp-block-media-text is-stacked-on-mobile\" style=\"grid-template-columns:30% auto\"><figure class=\"wp-block-media-text__media\"><img loading=\"lazy\" decoding=\"async\" width=\"500\" height=\"500\" src=\"https:\/\/clg-peguy-lechesnay.ac-versailles.fr\/wp-content\/uploads\/sites\/308\/2023\/10\/Design-sans-titre-2.png\" alt=\"\" class=\"wp-image-8283 size-thumbnail\" srcset=\"https:\/\/clg-peguy-lechesnay.ac-versailles.fr\/wp-content\/uploads\/sites\/308\/2023\/10\/Design-sans-titre-2.png 500w, https:\/\/clg-peguy-lechesnay.ac-versailles.fr\/wp-content\/uploads\/sites\/308\/2023\/10\/Design-sans-titre-2-300x300.png 300w, https:\/\/clg-peguy-lechesnay.ac-versailles.fr\/wp-content\/uploads\/sites\/308\/2023\/10\/Design-sans-titre-2-200x200.png 200w, https:\/\/clg-peguy-lechesnay.ac-versailles.fr\/wp-content\/uploads\/sites\/308\/2023\/10\/Design-sans-titre-2-150x150.png 150w\" sizes=\"auto, (max-width: 500px) 100vw, 500px\" \/><\/figure><div class=\"wp-block-media-text__content\">\n<p class=\"wp-block-paragraph\"><strong>MAHY Aude<\/strong><\/p>\n\n\n\n<p class=\"has-small-font-size wp-block-paragraph\">peep.cpeguy78150@gmail.com<\/p>\n<\/div><\/div>\n\n\n\n<figure class=\"wp-block-image size-full has-custom-border\"><a href=\"https:\/\/clg-peguy-lechesnay.ac-versailles.fr\/wp-content\/uploads\/sites\/308\/2023\/10\/1759204757306-d303b9ae-eb64-4a70-84bc-85e6c882d75b_1.jpg\"><img loading=\"lazy\" decoding=\"async\" width=\"1024\" height=\"726\" src=\"https:\/\/clg-peguy-lechesnay.ac-versailles.fr\/wp-content\/uploads\/sites\/308\/2023\/10\/1759204757306-d303b9ae-eb64-4a70-84bc-85e6c882d75b_1.jpg\" alt=\"\" class=\"wp-image-10640\" style=\"border-width:5px\" srcset=\"https:\/\/clg-peguy-lechesnay.ac-versailles.fr\/wp-content\/uploads\/sites\/308\/2023\/10\/1759204757306-d303b9ae-eb64-4a70-84bc-85e6c882d75b_1.jpg 1024w, https:\/\/clg-peguy-lechesnay.ac-versailles.fr\/wp-content\/uploads\/sites\/308\/2023\/10\/1759204757306-d303b9ae-eb64-4a70-84bc-85e6c882d75b_1-423x300.jpg 423w, https:\/\/clg-peguy-lechesnay.ac-versailles.fr\/wp-content\/uploads\/sites\/308\/2023\/10\/1759204757306-d303b9ae-eb64-4a70-84bc-85e6c882d75b_1-768x545.jpg 768w\" sizes=\"auto, (max-width: 1024px) 100vw, 1024px\" \/><\/a><\/figure>\n<\/div>\n\n\n\n<div class=\"wp-block-column is-layout-flow wp-block-column-is-layout-flow\">\n<div class=\"wp-block-media-text has-media-on-the-right is-stacked-on-mobile\" style=\"grid-template-columns:auto 17%\"><div class=\"wp-block-media-text__content\">\n<h2 class=\"wp-block-heading has-text-align-center\"><strong><mark style=\"background-color:#ffffff\" class=\"has-inline-color has-vivid-cyan-blue-color\">UNAAPE<\/mark><\/strong><\/h2>\n<\/div><figure class=\"wp-block-media-text__media\"><img loading=\"lazy\" decoding=\"async\" width=\"200\" height=\"200\" src=\"https:\/\/clg-peguy-lechesnay.ac-versailles.fr\/wp-content\/uploads\/sites\/308\/2023\/10\/logo-unaape-png-200x200.jpg\" alt=\"\" class=\"wp-image-8306 size-thumbnail\" srcset=\"https:\/\/clg-peguy-lechesnay.ac-versailles.fr\/wp-content\/uploads\/sites\/308\/2023\/10\/logo-unaape-png-200x200.jpg 200w, https:\/\/clg-peguy-lechesnay.ac-versailles.fr\/wp-content\/uploads\/sites\/308\/2023\/10\/logo-unaape-png-150x150.jpg 150w\" sizes=\"auto, (max-width: 200px) 100vw, 200px\" \/><\/figure><\/div>\n\n\n\n<div class=\"wp-block-media-text has-media-on-the-right is-stacked-on-mobile\" style=\"grid-template-columns:auto 30%\"><div class=\"wp-block-media-text__content\">\n<p class=\"has-text-align-right wp-block-paragraph\"><strong>BERNARD Magalie<\/strong><\/p>\n\n\n\n<p class=\"has-text-align-right has-small-font-size wp-block-paragraph\">collegeunaape78150@gmail.com<\/p>\n<\/div><figure class=\"wp-block-media-text__media\"><img loading=\"lazy\" decoding=\"async\" width=\"500\" height=\"500\" src=\"https:\/\/clg-peguy-lechesnay.ac-versailles.fr\/wp-content\/uploads\/sites\/308\/2023\/10\/Design-sans-titre-4.png\" alt=\"\" class=\"wp-image-8285 size-thumbnail\" srcset=\"https:\/\/clg-peguy-lechesnay.ac-versailles.fr\/wp-content\/uploads\/sites\/308\/2023\/10\/Design-sans-titre-4.png 500w, https:\/\/clg-peguy-lechesnay.ac-versailles.fr\/wp-content\/uploads\/sites\/308\/2023\/10\/Design-sans-titre-4-300x300.png 300w, https:\/\/clg-peguy-lechesnay.ac-versailles.fr\/wp-content\/uploads\/sites\/308\/2023\/10\/Design-sans-titre-4-200x200.png 200w, https:\/\/clg-peguy-lechesnay.ac-versailles.fr\/wp-content\/uploads\/sites\/308\/2023\/10\/Design-sans-titre-4-150x150.png 150w\" sizes=\"auto, (max-width: 500px) 100vw, 500px\" \/><\/figure><\/div>\n\n\n\n<figure class=\"wp-block-image size-full\"><img loading=\"lazy\" decoding=\"async\" width=\"1024\" height=\"724\" src=\"https:\/\/clg-peguy-lechesnay.ac-versailles.fr\/wp-content\/uploads\/sites\/308\/2023\/10\/1759204705026-fd0469a2-15f7-4855-92b2-ca9abc44d46d_1.jpg\" alt=\"\" class=\"wp-image-10643\" srcset=\"https:\/\/clg-peguy-lechesnay.ac-versailles.fr\/wp-content\/uploads\/sites\/308\/2023\/10\/1759204705026-fd0469a2-15f7-4855-92b2-ca9abc44d46d_1.jpg 1024w, https:\/\/clg-peguy-lechesnay.ac-versailles.fr\/wp-content\/uploads\/sites\/308\/2023\/10\/1759204705026-fd0469a2-15f7-4855-92b2-ca9abc44d46d_1-424x300.jpg 424w, https:\/\/clg-peguy-lechesnay.ac-versailles.fr\/wp-content\/uploads\/sites\/308\/2023\/10\/1759204705026-fd0469a2-15f7-4855-92b2-ca9abc44d46d_1-768x543.jpg 768w\" sizes=\"auto, (max-width: 1024px) 100vw, 1024px\" \/><\/figure>\n<\/div>\n<\/div>\n\n\n\n<p class=\"wp-block-paragraph\"><\/p>\n\n\n\n<div class=\"wp-block-columns is-layout-flex wp-container-core-columns-is-layout-7387b849 wp-block-columns-is-layout-flex\">\n<div class=\"wp-block-column is-layout-flow wp-block-column-is-layout-flow\">\n<figure class=\"wp-block-image size-full\"><img loading=\"lazy\" decoding=\"async\" width=\"1024\" height=\"726\" src=\"https:\/\/clg-peguy-lechesnay.ac-versailles.fr\/wp-content\/uploads\/sites\/308\/2023\/10\/1759204757306-d303b9ae-eb64-4a70-84bc-85e6c882d75b_2.jpg\" alt=\"\" class=\"wp-image-10641\" srcset=\"https:\/\/clg-peguy-lechesnay.ac-versailles.fr\/wp-content\/uploads\/sites\/308\/2023\/10\/1759204757306-d303b9ae-eb64-4a70-84bc-85e6c882d75b_2.jpg 1024w, https:\/\/clg-peguy-lechesnay.ac-versailles.fr\/wp-content\/uploads\/sites\/308\/2023\/10\/1759204757306-d303b9ae-eb64-4a70-84bc-85e6c882d75b_2-423x300.jpg 423w, https:\/\/clg-peguy-lechesnay.ac-versailles.fr\/wp-content\/uploads\/sites\/308\/2023\/10\/1759204757306-d303b9ae-eb64-4a70-84bc-85e6c882d75b_2-768x545.jpg 768w\" sizes=\"auto, (max-width: 1024px) 100vw, 1024px\" \/><\/figure>\n<\/div>\n\n\n\n<div class=\"wp-block-column is-layout-flow wp-block-column-is-layout-flow\">\n<figure class=\"wp-block-image size-full\"><img loading=\"lazy\" decoding=\"async\" width=\"1024\" height=\"724\" src=\"https:\/\/clg-peguy-lechesnay.ac-versailles.fr\/wp-content\/uploads\/sites\/308\/2023\/10\/1759204705026-fd0469a2-15f7-4855-92b2-ca9abc44d46d_2.jpg\" alt=\"\" class=\"wp-image-10644\" srcset=\"https:\/\/clg-peguy-lechesnay.ac-versailles.fr\/wp-content\/uploads\/sites\/308\/2023\/10\/1759204705026-fd0469a2-15f7-4855-92b2-ca9abc44d46d_2.jpg 1024w, https:\/\/clg-peguy-lechesnay.ac-versailles.fr\/wp-content\/uploads\/sites\/308\/2023\/10\/1759204705026-fd0469a2-15f7-4855-92b2-ca9abc44d46d_2-424x300.jpg 424w, https:\/\/clg-peguy-lechesnay.ac-versailles.fr\/wp-content\/uploads\/sites\/308\/2023\/10\/1759204705026-fd0469a2-15f7-4855-92b2-ca9abc44d46d_2-768x543.jpg 768w\" sizes=\"auto, (max-width: 1024px) 100vw, 1024px\" \/><\/figure>\n<\/div>\n<\/div>\n\n\n\n<div style=\"height:34px\" aria-hidden=\"true\" class=\"wp-block-spacer\"><\/div>\n\n\n\n<p class=\"wp-block-paragraph\"><strong>Nous sommes pr\u00e9sents au conseil d\u2019administration, lors des diff\u00e9rentes commissions et des conseils de classe avec au moins un repr\u00e9sentant de chaque association. Nous sommes \u00e9galement impliqu\u00e9s dans de nombreux projets p\u00e9dagogiques, au foyer socio-\u00e9ducatif, au forum des m\u00e9tiers, etc&#8230;.&nbsp;<\/strong><\/p>\n\n\n\n<p class=\"wp-block-paragraph\"><strong>Nous sommes un lien entre vous et l&rsquo;\u00e9cole. Nous pouvons, lors des conseils et commissions, remonter les remarques et les points soulev\u00e9s par vous.&nbsp;<\/strong><\/p>\n\n\n\n<p class=\"wp-block-paragraph\"><strong>Si vous souhaitez vous investir \u00e9galement, participer aux conseils de classe et rejoindre l\u2019une des associations, n\u2019h\u00e9sitez pas \u00e0 prendre contact rapidement avec nous via les adresses emails ci-dessus.&nbsp;<\/strong><\/p>\n\n\n\n<div style=\"height:34px\" aria-hidden=\"true\" class=\"wp-block-spacer\"><\/div>\n\n\n\n<h5 class=\"wp-block-heading has-text-align-center has-medium-font-size\"><strong>Publications des associations de parents d&rsquo;\u00e9l\u00e8ves<\/strong><\/h5>\n\n\n<div class='pt-cv-wrapper'> <div class=\"pt-cv-view pt-cv-overlaygrid iscvblock iscvreal overlay1 layout1\" id=\"pt-cv-view-rjp5cbcm\"><div data-id=\"pt-cv-page-1\" class=\"pt-cv-page\" data-cvc=\"3\"><div class=\" pt-cv-content-item pt-cv-1-col\" ><div class=\"pt-cv-thumb-wrapper  \"><a href=\"https:\/\/clg-peguy-lechesnay.ac-versailles.fr\/?p=8254\" class=\"_blank pt-cv-href-thumbnail pt-cv-thumb-default\" target=\"_blank\" ><img loading=\"lazy\" decoding=\"async\" width=\"768\" height=\"576\" src=\"https:\/\/clg-peguy-lechesnay.ac-versailles.fr\/wp-content\/uploads\/sites\/308\/2023\/10\/Reunion-parents-Professeur-principal-Presentation-43-768x576.png\" class=\"pt-cv-thumbnail\" alt=\"\" \/><\/a><\/div>\n<div class=\"pt-cv-overlay-wrapper\"><h4 class=\"pt-cv-title\"><a href=\"https:\/\/clg-peguy-lechesnay.ac-versailles.fr\/?p=8254\" class=\"_blank\" target=\"_blank\" >\u00c9lections : parents, votez pour vos repr\u00e9sentants !<\/a><\/h4><div class=\"pt-cv-meta-fields\"><span class=\"entry-date\"> <time datetime=\"2025-09-27T06:00:19+02:00\">27 septembre 2025<\/time><\/span><span> \/ <\/span><span class=\"author\"> <a href=\"https:\/\/clg-peguy-lechesnay.ac-versailles.fr\/?author=2028\" rel=\"author\">NOGARO Eric<\/a><\/span><\/div><\/div><\/div>\n<div class=\" pt-cv-content-item pt-cv-1-col\" ><div class=\"pt-cv-thumb-wrapper  \"><a href=\"https:\/\/clg-peguy-lechesnay.ac-versailles.fr\/?p=8981\" class=\"_blank pt-cv-href-thumbnail pt-cv-thumb-default\" target=\"_blank\" ><img loading=\"lazy\" decoding=\"async\" width=\"768\" height=\"576\" src=\"https:\/\/clg-peguy-lechesnay.ac-versailles.fr\/wp-content\/uploads\/sites\/308\/2024\/03\/424918516_368785645907024_8083515481766613411_n-768x576.jpg\" class=\"pt-cv-thumbnail\" alt=\"\" \/><\/a><\/div>\n<div class=\"pt-cv-overlay-wrapper\"><h4 class=\"pt-cv-title\"><a href=\"https:\/\/clg-peguy-lechesnay.ac-versailles.fr\/?p=8981\" class=\"_blank\" target=\"_blank\" >Le forum des m\u00e9tiers fait le plein<\/a><\/h4><div class=\"pt-cv-meta-fields\"><span class=\"entry-date\"> <time datetime=\"2024-03-07T18:36:53+01:00\">7 mars 2024<\/time><\/span><span> \/ <\/span><span class=\"author\"> <a href=\"https:\/\/clg-peguy-lechesnay.ac-versailles.fr\/?author=2028\" rel=\"author\">NOGARO Eric<\/a><\/span><\/div><\/div><\/div>\n<div class=\" pt-cv-content-item pt-cv-1-col\" ><div class=\"pt-cv-thumb-wrapper  \"><a href=\"https:\/\/clg-peguy-lechesnay.ac-versailles.fr\/?p=7525\" class=\"_blank pt-cv-href-thumbnail pt-cv-thumb-default\" target=\"_blank\" ><img loading=\"lazy\" decoding=\"async\" width=\"592\" height=\"421\" src=\"https:\/\/clg-peguy-lechesnay.ac-versailles.fr\/wp-content\/uploads\/sites\/308\/2023\/04\/Capture-decran-2023-04-06-055745.jpg\" class=\"pt-cv-thumbnail\" alt=\"\" \/><\/a><\/div>\n<div class=\"pt-cv-overlay-wrapper\"><h4 class=\"pt-cv-title\"><a href=\"https:\/\/clg-peguy-lechesnay.ac-versailles.fr\/?p=7525\" class=\"_blank\" target=\"_blank\" >Conf\u00e9rence contre le harc\u00e8lement mardi 11 avril<\/a><\/h4><div class=\"pt-cv-meta-fields\"><span class=\"entry-date\"> <time datetime=\"2023-04-06T05:59:49+02:00\">6 avril 2023<\/time><\/span><span> \/ <\/span><span class=\"author\"> <a href=\"https:\/\/clg-peguy-lechesnay.ac-versailles.fr\/?author=2028\" rel=\"author\">NOGARO Eric<\/a><\/span><\/div><\/div><\/div>\n<div class=\" pt-cv-content-item pt-cv-1-col\" ><div class=\"pt-cv-thumb-wrapper  \"><a href=\"https:\/\/clg-peguy-lechesnay.ac-versailles.fr\/?p=7056\" class=\"_blank pt-cv-href-thumbnail pt-cv-thumb-default\" target=\"_blank\" ><img loading=\"lazy\" decoding=\"async\" width=\"768\" height=\"432\" src=\"https:\/\/clg-peguy-lechesnay.ac-versailles.fr\/wp-content\/uploads\/sites\/308\/2022\/12\/Sans-titre-13-768x432.png\" class=\"pt-cv-thumbnail\" alt=\"\" \/><\/a><\/div>\n<div class=\"pt-cv-overlay-wrapper\"><h4 class=\"pt-cv-title\"><a href=\"https:\/\/clg-peguy-lechesnay.ac-versailles.fr\/?p=7056\" class=\"_blank\" target=\"_blank\" >Parents : participez au forum des m\u00e9tiers !<\/a><\/h4><div class=\"pt-cv-meta-fields\"><span class=\"entry-date\"> <time datetime=\"2022-12-08T19:59:28+01:00\">8 d\u00e9cembre 2022<\/time><\/span><span> \/ <\/span><span class=\"author\"> <a href=\"https:\/\/clg-peguy-lechesnay.ac-versailles.fr\/?author=2028\" rel=\"author\">NOGARO Eric<\/a><\/span><\/div><\/div><\/div>\n<div class=\" pt-cv-content-item pt-cv-1-col\" ><div class=\"pt-cv-thumb-wrapper  \"><a href=\"https:\/\/clg-peguy-lechesnay.ac-versailles.fr\/?p=4947\" class=\"_blank pt-cv-href-thumbnail pt-cv-thumb-default\" target=\"_blank\" ><img loading=\"lazy\" decoding=\"async\" width=\"768\" height=\"473\" src=\"https:\/\/clg-peguy-lechesnay.ac-versailles.fr\/wp-content\/uploads\/sites\/308\/2021\/10\/Vote-768x473.jpg\" class=\"pt-cv-thumbnail\" alt=\"\" \/><\/a><\/div>\n<div class=\"pt-cv-overlay-wrapper\"><h4 class=\"pt-cv-title\"><a href=\"https:\/\/clg-peguy-lechesnay.ac-versailles.fr\/?p=4947\" class=\"_blank\" target=\"_blank\" >[\u00c9lections] Parents, votez pour vos repr\u00e9sentants !<\/a><\/h4><div class=\"pt-cv-meta-fields\"><span class=\"entry-date\"> <time datetime=\"2021-10-01T13:46:29+02:00\">1 octobre 2021<\/time><\/span><span> \/ <\/span><span class=\"author\"> <a href=\"https:\/\/clg-peguy-lechesnay.ac-versailles.fr\/?author=2028\" rel=\"author\">NOGARO Eric<\/a><\/span><\/div><\/div><\/div>\n<div class=\" pt-cv-content-item pt-cv-1-col\" ><div class=\"pt-cv-thumb-wrapper  \"><a href=\"https:\/\/clg-peguy-lechesnay.ac-versailles.fr\/?p=4631\" class=\"_blank pt-cv-href-thumbnail pt-cv-thumb-default\" target=\"_blank\" ><img loading=\"lazy\" decoding=\"async\" width=\"768\" height=\"576\" src=\"https:\/\/clg-peguy-lechesnay.ac-versailles.fr\/wp-content\/uploads\/sites\/308\/2021\/07\/assop2-768x576.jpg\" class=\"pt-cv-thumbnail\" alt=\"\" \/><\/a><\/div>\n<div class=\"pt-cv-overlay-wrapper\"><h4 class=\"pt-cv-title\"><a href=\"https:\/\/clg-peguy-lechesnay.ac-versailles.fr\/?p=4631\" class=\"_blank\" target=\"_blank\" >Les associations de parents d&rsquo;\u00e9l\u00e8ves pr\u00e9parent la rentr\u00e9e<\/a><\/h4><div class=\"pt-cv-meta-fields\"><span class=\"entry-date\"> <time datetime=\"2021-07-06T20:36:00+02:00\">6 juillet 2021<\/time><\/span><span> \/ <\/span><span class=\"author\"> <a href=\"https:\/\/clg-peguy-lechesnay.ac-versailles.fr\/?author=2028\" rel=\"author\">NOGARO Eric<\/a><\/span><\/div><\/div><\/div><\/div><\/div> <\/div> <style>\n#pt-cv-view-rjp5cbcm {text-align: center}#pt-cv-view-rjp5cbcm .pt-cv-thumb-wrapper {margin-left: auto; margin-right: auto;}#pt-cv-view-rjp5cbcm .pt-cv-thumb-wrapper::before {background: rgba(0,0,0,.4); opacity: 0.8;}#pt-cv-view-rjp5cbcm .pt-cv-overlay-wrapper {justify-content: center;}\n#pt-cv-view-rjp5cbcm .pt-cv-meta-fields {  }#pt-cv-view-rjp5cbcm .pt-cv-meta-fields * { font-size: 13px; }#pt-cv-view-rjp5cbcm .pt-cv-title a { display: block; }#pt-cv-view-rjp5cbcm .pt-cv-title:not(.pt-cv-titlesm) a { font-weight: 600;text-decoration: none;font-size: 20px; }#pt-cv-view-rjp5cbcm .pt-cv-titlesm a { font-weight: 600;font-size: 18px; }#pt-cv-view-rjp5cbcm .pt-cv-content { font-size: 15px; }#pt-cv-view-rjp5cbcm .pt-cv-rmwrap {  }#pt-cv-view-rjp5cbcm .pt-cv-readmore { color: #fff;background-color: #0075ff;font-size: 14px; }#pt-cv-view-rjp5cbcm .pt-cv-taxoterm { margin: 0px 0px 20px 0px; }#pt-cv-view-rjp5cbcm .pt-cv-taxoterm * { color: #222;background-color: #fff6f6;font-size: 14px; }#pt-cv-view-rjp5cbcm + .pt-cv-pagination-wrapper {  }#pt-cv-view-rjp5cbcm + .pt-cv-pagination-wrapper a { font-size: 14px; }#pt-cv-view-rjp5cbcm > .pt-cv-page {grid-template-columns: repeat(3, 1fr);grid-auto-rows: 250px;grid-gap: 10px;}\n@media all and (max-width: 1024px) { \n#pt-cv-view-rjp5cbcm > .pt-cv-page {}\n} \n@media all and (max-width: 767px) { \n#pt-cv-view-rjp5cbcm > .pt-cv-page {grid-template-columns: repeat(1, 1fr);}\n} <\/style>","protected":false},"excerpt":{"rendered":"<p>Au coll\u00e8ge, deux associations de parents d\u2019\u00e9l\u00e8ves, la PEEP et l\u2019UNAAPE, sont pr\u00e9sentes pour vous repr\u00e9senter aupr\u00e8s des \u00e9quipes administratives<\/p>\n","protected":false},"author":2028,"featured_media":0,"parent":0,"menu_order":0,"comment_status":"closed","ping_status":"closed","template":"","meta":{"colormag_page_container_layout":"no_sidebar_full_width","colormag_page_sidebar_layout":"no_sidebar","_crdt_document":"","footnotes":""},"class_list":["post-8272","page","type-page","status-publish","hentry"],"_links":{"self":[{"href":"https:\/\/clg-peguy-lechesnay.ac-versailles.fr\/index.php?rest_route=\/wp\/v2\/pages\/8272","targetHints":{"allow":["GET"]}}],"collection":[{"href":"https:\/\/clg-peguy-lechesnay.ac-versailles.fr\/index.php?rest_route=\/wp\/v2\/pages"}],"about":[{"href":"https:\/\/clg-peguy-lechesnay.ac-versailles.fr\/index.php?rest_route=\/wp\/v2\/types\/page"}],"author":[{"embeddable":true,"href":"https:\/\/clg-peguy-lechesnay.ac-versailles.fr\/index.php?rest_route=\/wp\/v2\/users\/2028"}],"replies":[{"embeddable":true,"href":"https:\/\/clg-peguy-lechesnay.ac-versailles.fr\/index.php?rest_route=%2Fwp%2Fv2%2Fcomments&post=8272"}],"version-history":[{"count":9,"href":"https:\/\/clg-peguy-lechesnay.ac-versailles.fr\/index.php?rest_route=\/wp\/v2\/pages\/8272\/revisions"}],"predecessor-version":[{"id":10655,"href":"https:\/\/clg-peguy-lechesnay.ac-versailles.fr\/index.php?rest_route=\/wp\/v2\/pages\/8272\/revisions\/10655"}],"wp:attachment":[{"href":"https:\/\/clg-peguy-lechesnay.ac-versailles.fr\/index.php?rest_route=%2Fwp%2Fv2%2Fmedia&parent=8272"}],"curies":[{"name":"wp","href":"https:\/\/api.w.org\/{rel}","templated":true}]}}