{"id":474,"date":"2019-02-25T20:38:43","date_gmt":"2019-02-25T19:38:43","guid":{"rendered":"http:\/\/www.clg-peguy-lechesnay.ac-versailles.fr\/?page_id=474"},"modified":"2023-11-29T06:11:13","modified_gmt":"2023-11-29T05:11:13","slug":"psychologue-education-nationale","status":"publish","type":"page","link":"https:\/\/clg-peguy-lechesnay.ac-versailles.fr\/?page_id=474","title":{"rendered":"Psychologue de l&rsquo;Education Nationale"},"content":{"rendered":"<div id=\"pl-474\"  class=\"panel-layout\" ><div id=\"pg-474-0\"  class=\"panel-grid panel-no-style\" ><div id=\"pgc-474-0-0\"  class=\"panel-grid-cell\" ><div id=\"panel-474-0-0-0\" class=\"so-panel widget widget_sow-editor panel-first-child\" data-index=\"0\" ><div\n\t\t\t\n\t\t\tclass=\"so-widget-sow-editor so-widget-sow-editor-base\"\n\t\t\t\n\t\t>\n<div class=\"siteorigin-widget-tinymce textwidget\">\n\t<p>Sa mission est de contribuer \u00e0 cr\u00e9er les conditions d\u2019un \u00e9quilibre psychologique des \u00e9l\u00e8ves favorisant leur r\u00e9ussite et leur investissement scolaires.\u00a0Il accompagne les \u00e9l\u00e8ves dans l'\u00e9laboration progressive de leur projet d'orientation. En lien avec les \u00e9quipes \u00e9ducatives, il participe \u00e0 la conception et \u00e0 la mise en \u0153uvre d\u2019actions permettant l\u2019appropriation d\u2019informations sur les formations et les m\u00e9tiers et l\u2019\u00e9volution de leurs repr\u00e9sentations. <img loading=\"lazy\" decoding=\"async\" class=\"wp-image-736 alignright\" src=\"https:\/\/clg-peguy-lechesnay.ac-versailles.fr\/wp-content\/uploads\/sites\/308\/2019\/03\/Fichier-1job1.png\" alt=\"\" width=\"124\" height=\"92\" \/>Il contribue \u00e0 l\u2019\u00e9laboration de parcours de r\u00e9ussite des \u00e9l\u00e8ves en leur permettant de prendre conscience des enjeux de leur formation et de s\u2019orienter vers une qualification visant leur insertion socioprofessionnelle. Il informe ainsi les \u00e9l\u00e8ves et leurs familles ainsi que les \u00e9tudiants, et les conseille dans l\u2019\u00e9laboration de leurs projets scolaires, universitaires et professionnels.<\/p>\n<p>&nbsp;<\/p>\n<p>Il porte une attention particuli\u00e8re aux \u00e9l\u00e8ves en difficult\u00e9, en situation de handicap ou donnant des signes de souffrance psychologique. Il participe \u00e9galement \u00e0 la pr\u00e9vention et \u00e0 la rem\u00e9diation du d\u00e9crochage scolaire. Il mobilise ses comp\u00e9tences sous l\u2019autorit\u00e9 du directeur du centre d\u2019information et d\u2019orientation dans lequel il est affect\u00e9. <strong>Site educscol<\/strong><\/p>\n<\/div>\n<\/div><\/div><div id=\"panel-474-0-0-1\" class=\"so-panel widget widget_colormag_featured_posts_widget cm-featured-posts cm-featured-posts--style-1 panel-last-child\" data-index=\"1\" >\r\n\t\t<h3 class=\"cm-widget-title\" ><span >Informations sur l&rsquo;orientation<\/span><\/h3><div class=\"cm-first-post\">\r\n\t\t\t<div class=\"cm-post\">\r\n\t\t\t\t<a href=\"https:\/\/clg-peguy-lechesnay.ac-versailles.fr\/?p=6518\" title=\"Visite des \u00e9l\u00e8ves du coll\u00e8ge au Lyc\u00e9e Jean Moulin\"><img loading=\"lazy\" decoding=\"async\" width=\"390\" height=\"205\" src=\"https:\/\/clg-peguy-lechesnay.ac-versailles.fr\/wp-content\/uploads\/sites\/308\/2022\/11\/exterieurs-lycee-390x205.png\" class=\"attachment-colormag-featured-post-medium size-colormag-featured-post-medium wp-post-image\" alt=\"Visite des \u00e9l\u00e8ves du coll\u00e8ge au Lyc\u00e9e Jean Moulin\" title=\"Visite des \u00e9l\u00e8ves du coll\u00e8ge au Lyc\u00e9e Jean Moulin\" \/><\/a><\/figure>\r\n\t\t\t\t<div class=\"cm-post-content\">\r\n\t\t\t\t\t<div class=\"cm-entry-header-meta\"><div class=\"cm-post-categories\"><a href=\"https:\/\/clg-peguy-lechesnay.ac-versailles.fr\/?cat=4\" style=\"background:#2d933d\" rel=\"category tag\">Actualit\u00e9s<\/a><a href=\"https:\/\/clg-peguy-lechesnay.ac-versailles.fr\/?cat=15\" rel=\"category tag\">Orientation<\/a><a href=\"https:\/\/clg-peguy-lechesnay.ac-versailles.fr\/?cat=16\" style=\"background:#7f6c31\" rel=\"category tag\">Parcours Avenir<\/a><\/div><\/div>\t\t<h3 class=\"cm-entry-title\">\r\n\t\t\t<a href=\"https:\/\/clg-peguy-lechesnay.ac-versailles.fr\/?p=6518\" title=\"Visite des \u00e9l\u00e8ves du coll\u00e8ge au Lyc\u00e9e Jean Moulin\">\r\n\t\t\t\tVisite des \u00e9l\u00e8ves du coll\u00e8ge au Lyc\u00e9e Jean Moulin\t\t\t<\/a>\r\n\t\t<\/h3>\r\n\t\t<div class=\"cm-below-entry-meta \"><span class=\"cm-post-date\"><a href=\"https:\/\/clg-peguy-lechesnay.ac-versailles.fr\/?p=6518\" title=\"17 h 03 min\" rel=\"bookmark\"><svg class=\"cm-icon cm-icon--calendar-fill\" xmlns=\"http:\/\/www.w3.org\/2000\/svg\" viewBox=\"0 0 24 24\"><path d=\"M21.1 6.6v1.6c0 .6-.4 1-1 1H3.9c-.6 0-1-.4-1-1V6.6c0-1.5 1.3-2.8 2.8-2.8h1.7V3c0-.6.4-1 1-1s1 .4 1 1v.8h5.2V3c0-.6.4-1 1-1s1 .4 1 1v.8h1.7c1.5 0 2.8 1.3 2.8 2.8zm-1 4.6H3.9c-.6 0-1 .4-1 1v7c0 1.5 1.3 2.8 2.8 2.8h12.6c1.5 0 2.8-1.3 2.8-2.8v-7c0-.6-.4-1-1-1z\"><\/path><\/svg> <time class=\"entry-date published updated\" datetime=\"2022-05-30T17:03:00+02:00\">30 mai 2022<\/time><\/a><\/span>\r\n\t\t<span class=\"cm-author cm-vcard\">\r\n\t\t\t<svg class=\"cm-icon cm-icon--user\" xmlns=\"http:\/\/www.w3.org\/2000\/svg\" viewBox=\"0 0 24 24\"><path d=\"M7 7c0-2.8 2.2-5 5-5s5 2.2 5 5-2.2 5-5 5-5-2.2-5-5zm9 7H8c-2.8 0-5 2.2-5 5v2c0 .6.4 1 1 1h16c.6 0 1-.4 1-1v-2c0-2.8-2.2-5-5-5z\"><\/path><\/svg>\t\t\t<a class=\"url fn n\"\r\n\t\t\thref=\"https:\/\/clg-peguy-lechesnay.ac-versailles.fr\/?author=2028\"\r\n\t\t\ttitle=\"NOGARO Eric\"\r\n\t\t\t>\r\n\t\t\t\tNOGARO Eric\t\t\t<\/a>\r\n\t\t<\/span>\r\n\r\n\t\t<\/div>\r\n\t\t\t\t\t\t\t\t\t\t\t<div class=\"cm-entry-summary\">\r\n\t\t\t\t\t\t\t<p>Une visite au Lyc\u00e9e Jean Moulin a \u00e9t\u00e9 organis\u00e9e le 23 mai 2022 pour des \u00e9l\u00e8ves de 4\u00e8me pour d\u00e9couvrir<\/p>\n\t\t\t\t\t\t<\/div>\r\n\t\t\t\t\t\t\t\t\t<\/div>\r\n\r\n\t\t\t<\/div>\r\n\r\n\t\t\t<\/div><div class=\"cm-posts\">\r\n\t\t\t<div class=\"cm-post\">\r\n\t\t\t\t<a href=\"https:\/\/clg-peguy-lechesnay.ac-versailles.fr\/?p=6067\" title=\"Atelier PARCOURS AVENIR pour toutes les classes de 4e.\"><img loading=\"lazy\" decoding=\"async\" width=\"130\" height=\"90\" src=\"https:\/\/clg-peguy-lechesnay.ac-versailles.fr\/wp-content\/uploads\/sites\/308\/2022\/05\/Capture-decran-2022-05-19-060114-130x90.png\" class=\"attachment-colormag-featured-post-small size-colormag-featured-post-small wp-post-image\" alt=\"Atelier PARCOURS AVENIR pour toutes les classes de 4e.\" title=\"Atelier PARCOURS AVENIR pour toutes les classes de 4e.\" srcset=\"https:\/\/clg-peguy-lechesnay.ac-versailles.fr\/wp-content\/uploads\/sites\/308\/2022\/05\/Capture-decran-2022-05-19-060114-130x90.png 130w, https:\/\/clg-peguy-lechesnay.ac-versailles.fr\/wp-content\/uploads\/sites\/308\/2022\/05\/Capture-decran-2022-05-19-060114-392x272.png 392w\" sizes=\"auto, (max-width: 130px) 100vw, 130px\" \/><\/a><\/figure>\r\n\t\t\t\t<div class=\"cm-post-content\">\r\n\t\t\t\t\t<div class=\"cm-entry-header-meta\"><div class=\"cm-post-categories\"><a href=\"https:\/\/clg-peguy-lechesnay.ac-versailles.fr\/?cat=8\" style=\"background:#8e8e8e\" rel=\"category tag\">CDI<\/a><a href=\"https:\/\/clg-peguy-lechesnay.ac-versailles.fr\/?cat=15\" rel=\"category tag\">Orientation<\/a><\/div><\/div>\t\t<h3 class=\"cm-entry-title\">\r\n\t\t\t<a href=\"https:\/\/clg-peguy-lechesnay.ac-versailles.fr\/?p=6067\" title=\"Atelier PARCOURS AVENIR pour toutes les classes de 4e.\">\r\n\t\t\t\tAtelier PARCOURS AVENIR pour toutes les classes de 4e.\t\t\t<\/a>\r\n\t\t<\/h3>\r\n\t\t<div class=\"cm-below-entry-meta \"><span class=\"cm-post-date\"><a href=\"https:\/\/clg-peguy-lechesnay.ac-versailles.fr\/?p=6067\" title=\"21 h 42 min\" rel=\"bookmark\"><svg class=\"cm-icon cm-icon--calendar-fill\" xmlns=\"http:\/\/www.w3.org\/2000\/svg\" viewBox=\"0 0 24 24\"><path d=\"M21.1 6.6v1.6c0 .6-.4 1-1 1H3.9c-.6 0-1-.4-1-1V6.6c0-1.5 1.3-2.8 2.8-2.8h1.7V3c0-.6.4-1 1-1s1 .4 1 1v.8h5.2V3c0-.6.4-1 1-1s1 .4 1 1v.8h1.7c1.5 0 2.8 1.3 2.8 2.8zm-1 4.6H3.9c-.6 0-1 .4-1 1v7c0 1.5 1.3 2.8 2.8 2.8h12.6c1.5 0 2.8-1.3 2.8-2.8v-7c0-.6-.4-1-1-1z\"><\/path><\/svg> <time class=\"entry-date published updated\" datetime=\"2022-05-18T21:42:51+02:00\">18 mai 2022<\/time><\/a><\/span>\r\n\t\t<span class=\"cm-author cm-vcard\">\r\n\t\t\t<svg class=\"cm-icon cm-icon--user\" xmlns=\"http:\/\/www.w3.org\/2000\/svg\" viewBox=\"0 0 24 24\"><path d=\"M7 7c0-2.8 2.2-5 5-5s5 2.2 5 5-2.2 5-5 5-5-2.2-5-5zm9 7H8c-2.8 0-5 2.2-5 5v2c0 .6.4 1 1 1h16c.6 0 1-.4 1-1v-2c0-2.8-2.2-5-5-5z\"><\/path><\/svg>\t\t\t<a class=\"url fn n\"\r\n\t\t\thref=\"https:\/\/clg-peguy-lechesnay.ac-versailles.fr\/?author=2028\"\r\n\t\t\ttitle=\"NOGARO Eric\"\r\n\t\t\t>\r\n\t\t\t\tNOGARO Eric\t\t\t<\/a>\r\n\t\t<\/span>\r\n\r\n\t\t<\/div>\r\n\t\t\t\t\t\t\t\t\t<\/div>\r\n\r\n\t\t\t<\/div>\r\n\r\n\t\t\t\r\n\t\t\t<div class=\"cm-post\">\r\n\t\t\t\t<a href=\"https:\/\/clg-peguy-lechesnay.ac-versailles.fr\/?p=5925\" title=\"Franc succ\u00e8s pour la pr\u00e9sentation des lyc\u00e9es au coll\u00e8ge\"><img loading=\"lazy\" decoding=\"async\" width=\"130\" height=\"90\" src=\"https:\/\/clg-peguy-lechesnay.ac-versailles.fr\/wp-content\/uploads\/sites\/308\/2022\/04\/ok-130x90.jpg\" class=\"attachment-colormag-featured-post-small size-colormag-featured-post-small wp-post-image\" alt=\"Franc succ\u00e8s pour la pr\u00e9sentation des lyc\u00e9es au coll\u00e8ge\" title=\"Franc succ\u00e8s pour la pr\u00e9sentation des lyc\u00e9es au coll\u00e8ge\" srcset=\"https:\/\/clg-peguy-lechesnay.ac-versailles.fr\/wp-content\/uploads\/sites\/308\/2022\/04\/ok-130x90.jpg 130w, https:\/\/clg-peguy-lechesnay.ac-versailles.fr\/wp-content\/uploads\/sites\/308\/2022\/04\/ok-392x272.jpg 392w\" sizes=\"auto, (max-width: 130px) 100vw, 130px\" \/><\/a><\/figure>\r\n\t\t\t\t<div class=\"cm-post-content\">\r\n\t\t\t\t\t<div class=\"cm-entry-header-meta\"><div class=\"cm-post-categories\"><a href=\"https:\/\/clg-peguy-lechesnay.ac-versailles.fr\/?cat=4\" style=\"background:#2d933d\" rel=\"category tag\">Actualit\u00e9s<\/a><a href=\"https:\/\/clg-peguy-lechesnay.ac-versailles.fr\/?cat=15\" rel=\"category tag\">Orientation<\/a><a href=\"https:\/\/clg-peguy-lechesnay.ac-versailles.fr\/?cat=16\" style=\"background:#7f6c31\" rel=\"category tag\">Parcours Avenir<\/a><a href=\"https:\/\/clg-peguy-lechesnay.ac-versailles.fr\/?cat=23\" style=\"background:#96863d\" rel=\"category tag\">Parcours \u00e9l\u00e8ves<\/a><\/div><\/div>\t\t<h3 class=\"cm-entry-title\">\r\n\t\t\t<a href=\"https:\/\/clg-peguy-lechesnay.ac-versailles.fr\/?p=5925\" title=\"Franc succ\u00e8s pour la pr\u00e9sentation des lyc\u00e9es au coll\u00e8ge\">\r\n\t\t\t\tFranc succ\u00e8s pour la pr\u00e9sentation des lyc\u00e9es au coll\u00e8ge\t\t\t<\/a>\r\n\t\t<\/h3>\r\n\t\t<div class=\"cm-below-entry-meta \"><span class=\"cm-post-date\"><a href=\"https:\/\/clg-peguy-lechesnay.ac-versailles.fr\/?p=5925\" title=\"16 h 53 min\" rel=\"bookmark\"><svg class=\"cm-icon cm-icon--calendar-fill\" xmlns=\"http:\/\/www.w3.org\/2000\/svg\" viewBox=\"0 0 24 24\"><path d=\"M21.1 6.6v1.6c0 .6-.4 1-1 1H3.9c-.6 0-1-.4-1-1V6.6c0-1.5 1.3-2.8 2.8-2.8h1.7V3c0-.6.4-1 1-1s1 .4 1 1v.8h5.2V3c0-.6.4-1 1-1s1 .4 1 1v.8h1.7c1.5 0 2.8 1.3 2.8 2.8zm-1 4.6H3.9c-.6 0-1 .4-1 1v7c0 1.5 1.3 2.8 2.8 2.8h12.6c1.5 0 2.8-1.3 2.8-2.8v-7c0-.6-.4-1-1-1z\"><\/path><\/svg> <time class=\"entry-date published updated\" datetime=\"2022-04-09T16:53:22+02:00\">9 avril 2022<\/time><\/a><\/span>\r\n\t\t<span class=\"cm-author cm-vcard\">\r\n\t\t\t<svg class=\"cm-icon cm-icon--user\" xmlns=\"http:\/\/www.w3.org\/2000\/svg\" viewBox=\"0 0 24 24\"><path d=\"M7 7c0-2.8 2.2-5 5-5s5 2.2 5 5-2.2 5-5 5-5-2.2-5-5zm9 7H8c-2.8 0-5 2.2-5 5v2c0 .6.4 1 1 1h16c.6 0 1-.4 1-1v-2c0-2.8-2.2-5-5-5z\"><\/path><\/svg>\t\t\t<a class=\"url fn n\"\r\n\t\t\thref=\"https:\/\/clg-peguy-lechesnay.ac-versailles.fr\/?author=2028\"\r\n\t\t\ttitle=\"NOGARO Eric\"\r\n\t\t\t>\r\n\t\t\t\tNOGARO Eric\t\t\t<\/a>\r\n\t\t<\/span>\r\n\r\n\t\t<\/div>\r\n\t\t\t\t\t\t\t\t\t<\/div>\r\n\r\n\t\t\t<\/div>\r\n\r\n\t\t\t\r\n\t\t\t<div class=\"cm-post\">\r\n\t\t\t\t<a href=\"https:\/\/clg-peguy-lechesnay.ac-versailles.fr\/?p=5896\" title=\"R\u00e9union de pr\u00e9sentation des lyc\u00e9es de Versailles\"><img loading=\"lazy\" decoding=\"async\" width=\"130\" height=\"90\" src=\"https:\/\/clg-peguy-lechesnay.ac-versailles.fr\/wp-content\/uploads\/sites\/308\/2020\/07\/10510-130x90.jpg\" class=\"attachment-colormag-featured-post-small size-colormag-featured-post-small wp-post-image\" alt=\"R\u00e9union de pr\u00e9sentation des lyc\u00e9es de Versailles\" title=\"R\u00e9union de pr\u00e9sentation des lyc\u00e9es de Versailles\" srcset=\"https:\/\/clg-peguy-lechesnay.ac-versailles.fr\/wp-content\/uploads\/sites\/308\/2020\/07\/10510-130x90.jpg 130w, https:\/\/clg-peguy-lechesnay.ac-versailles.fr\/wp-content\/uploads\/sites\/308\/2020\/07\/10510-392x272.jpg 392w\" sizes=\"auto, (max-width: 130px) 100vw, 130px\" \/><\/a><\/figure>\r\n\t\t\t\t<div class=\"cm-post-content\">\r\n\t\t\t\t\t<div class=\"cm-entry-header-meta\"><div class=\"cm-post-categories\"><a href=\"https:\/\/clg-peguy-lechesnay.ac-versailles.fr\/?cat=15\" rel=\"category tag\">Orientation<\/a><\/div><\/div>\t\t<h3 class=\"cm-entry-title\">\r\n\t\t\t<a href=\"https:\/\/clg-peguy-lechesnay.ac-versailles.fr\/?p=5896\" title=\"R\u00e9union de pr\u00e9sentation des lyc\u00e9es de Versailles\">\r\n\t\t\t\tR\u00e9union de pr\u00e9sentation des lyc\u00e9es de Versailles\t\t\t<\/a>\r\n\t\t<\/h3>\r\n\t\t<div class=\"cm-below-entry-meta \"><span class=\"cm-post-date\"><a href=\"https:\/\/clg-peguy-lechesnay.ac-versailles.fr\/?p=5896\" title=\"10 h 55 min\" rel=\"bookmark\"><svg class=\"cm-icon cm-icon--calendar-fill\" xmlns=\"http:\/\/www.w3.org\/2000\/svg\" viewBox=\"0 0 24 24\"><path d=\"M21.1 6.6v1.6c0 .6-.4 1-1 1H3.9c-.6 0-1-.4-1-1V6.6c0-1.5 1.3-2.8 2.8-2.8h1.7V3c0-.6.4-1 1-1s1 .4 1 1v.8h5.2V3c0-.6.4-1 1-1s1 .4 1 1v.8h1.7c1.5 0 2.8 1.3 2.8 2.8zm-1 4.6H3.9c-.6 0-1 .4-1 1v7c0 1.5 1.3 2.8 2.8 2.8h12.6c1.5 0 2.8-1.3 2.8-2.8v-7c0-.6-.4-1-1-1z\"><\/path><\/svg> <time class=\"entry-date published updated\" datetime=\"2022-04-04T10:55:29+02:00\">4 avril 2022<\/time><\/a><\/span>\r\n\t\t<span class=\"cm-author cm-vcard\">\r\n\t\t\t<svg class=\"cm-icon cm-icon--user\" xmlns=\"http:\/\/www.w3.org\/2000\/svg\" viewBox=\"0 0 24 24\"><path d=\"M7 7c0-2.8 2.2-5 5-5s5 2.2 5 5-2.2 5-5 5-5-2.2-5-5zm9 7H8c-2.8 0-5 2.2-5 5v2c0 .6.4 1 1 1h16c.6 0 1-.4 1-1v-2c0-2.8-2.2-5-5-5z\"><\/path><\/svg>\t\t\t<a class=\"url fn n\"\r\n\t\t\thref=\"https:\/\/clg-peguy-lechesnay.ac-versailles.fr\/?author=2028\"\r\n\t\t\ttitle=\"NOGARO Eric\"\r\n\t\t\t>\r\n\t\t\t\tNOGARO Eric\t\t\t<\/a>\r\n\t\t<\/span>\r\n\r\n\t\t<\/div>\r\n\t\t\t\t\t\t\t\t\t<\/div>\r\n\r\n\t\t\t<\/div>\r\n\r\n\t\t\t\r\n\t\t\t<div class=\"cm-post\">\r\n\t\t\t\t<a href=\"https:\/\/clg-peguy-lechesnay.ac-versailles.fr\/?p=3891\" title=\"Tout savoir sur la 3\u00e8me\"><img loading=\"lazy\" decoding=\"async\" width=\"130\" height=\"90\" src=\"https:\/\/clg-peguy-lechesnay.ac-versailles.fr\/wp-content\/uploads\/sites\/308\/2020\/11\/genialorientation-1-130x90.jpg\" class=\"attachment-colormag-featured-post-small size-colormag-featured-post-small wp-post-image\" alt=\"Tout savoir sur la 3\u00e8me\" title=\"Tout savoir sur la 3\u00e8me\" srcset=\"https:\/\/clg-peguy-lechesnay.ac-versailles.fr\/wp-content\/uploads\/sites\/308\/2020\/11\/genialorientation-1-130x90.jpg 130w, https:\/\/clg-peguy-lechesnay.ac-versailles.fr\/wp-content\/uploads\/sites\/308\/2020\/11\/genialorientation-1-392x272.jpg 392w\" sizes=\"auto, (max-width: 130px) 100vw, 130px\" \/><\/a><\/figure>\r\n\t\t\t\t<div class=\"cm-post-content\">\r\n\t\t\t\t\t<div class=\"cm-entry-header-meta\"><div class=\"cm-post-categories\"><a href=\"https:\/\/clg-peguy-lechesnay.ac-versailles.fr\/?cat=15\" rel=\"category tag\">Orientation<\/a><a href=\"https:\/\/clg-peguy-lechesnay.ac-versailles.fr\/?cat=16\" style=\"background:#7f6c31\" rel=\"category tag\">Parcours Avenir<\/a><a href=\"https:\/\/clg-peguy-lechesnay.ac-versailles.fr\/?cat=23\" style=\"background:#96863d\" rel=\"category tag\">Parcours \u00e9l\u00e8ves<\/a><\/div><\/div>\t\t<h3 class=\"cm-entry-title\">\r\n\t\t\t<a href=\"https:\/\/clg-peguy-lechesnay.ac-versailles.fr\/?p=3891\" title=\"Tout savoir sur la 3\u00e8me\">\r\n\t\t\t\tTout savoir sur la 3\u00e8me\t\t\t<\/a>\r\n\t\t<\/h3>\r\n\t\t<div class=\"cm-below-entry-meta \"><span class=\"cm-post-date\"><a href=\"https:\/\/clg-peguy-lechesnay.ac-versailles.fr\/?p=3891\" title=\"19 h 18 min\" rel=\"bookmark\"><svg class=\"cm-icon cm-icon--calendar-fill\" xmlns=\"http:\/\/www.w3.org\/2000\/svg\" viewBox=\"0 0 24 24\"><path d=\"M21.1 6.6v1.6c0 .6-.4 1-1 1H3.9c-.6 0-1-.4-1-1V6.6c0-1.5 1.3-2.8 2.8-2.8h1.7V3c0-.6.4-1 1-1s1 .4 1 1v.8h5.2V3c0-.6.4-1 1-1s1 .4 1 1v.8h1.7c1.5 0 2.8 1.3 2.8 2.8zm-1 4.6H3.9c-.6 0-1 .4-1 1v7c0 1.5 1.3 2.8 2.8 2.8h12.6c1.5 0 2.8-1.3 2.8-2.8v-7c0-.6-.4-1-1-1z\"><\/path><\/svg> <time class=\"entry-date published updated\" datetime=\"2020-11-27T19:18:56+01:00\">27 novembre 2020<\/time><\/a><\/span>\r\n\t\t<span class=\"cm-author cm-vcard\">\r\n\t\t\t<svg class=\"cm-icon cm-icon--user\" xmlns=\"http:\/\/www.w3.org\/2000\/svg\" viewBox=\"0 0 24 24\"><path d=\"M7 7c0-2.8 2.2-5 5-5s5 2.2 5 5-2.2 5-5 5-5-2.2-5-5zm9 7H8c-2.8 0-5 2.2-5 5v2c0 .6.4 1 1 1h16c.6 0 1-.4 1-1v-2c0-2.8-2.2-5-5-5z\"><\/path><\/svg>\t\t\t<a class=\"url fn n\"\r\n\t\t\thref=\"https:\/\/clg-peguy-lechesnay.ac-versailles.fr\/?author=2028\"\r\n\t\t\ttitle=\"NOGARO Eric\"\r\n\t\t\t>\r\n\t\t\t\tNOGARO Eric\t\t\t<\/a>\r\n\t\t<\/span>\r\n\r\n\t\t<\/div>\r\n\t\t\t\t\t\t\t\t\t<\/div>\r\n\r\n\t\t\t<\/div>\r\n\r\n\t\t\t<\/div><\/div><\/div><div id=\"pgc-474-0-1\"  class=\"panel-grid-cell\" ><div id=\"panel-474-0-1-0\" class=\"so-panel widget widget_wps_gfwidget panel-first-child\" data-index=\"2\" ><div class=\"panel-widget-style panel-widget-style-for-474-0-1-0\" ><div class=\"wps-gfwidget-output\" style=\"font-size:14px;line-height:auto;color:#333333;border-radius:0px;padding:15px 15px 15px 15px ;text-align:left;\"><div class=\"wps-gfwidget-overlay\" style=\"background-color:rgba(246,246,246,0.1);\"><\/div><div class=\"sticky top-left\"><img decoding=\"async\" src=\"https:\/\/clg-peguy-lechesnay.ac-versailles.fr\/wp-content\/plugins\/easy-customizable-text-widget\/assets\/images\/pins\/top-left-white.png\" \/><\/div><div class=\"wps-gfwidget-content\"><p>Mme <strong>CASTELLAN <\/strong><\/p>\n<p>Sp\u00e9cialit\u00e9 \"\u00e9ducation - d\u00e9veloppement - orientation\"<\/p>\n<p>Re\u00e7oit \u00e9l\u00e8ves et\/ou parents les <strong>lundi <\/strong>au coll\u00e8ge sur rendez-vous au secr\u00e9tariat<\/p>\n<p>Possibilit\u00e9 de se rendre au Centre d'Information et d'Orientation de Versailles-Saint Cyr<br \/>\n<strong>12 bis rue Victor Hugo \u00e0 Saint Cyr l'\u00e9cole<\/strong><br \/>\nPrise de rendez-vous au <strong>01.30.58.58.98<\/strong><\/p>\n<\/div><\/div><div class=\"wps-gfwidget-footer\"><div class=\"wps-gfwidget-footer-left\"><\/div><div class=\"wps-gfwidget-footer-right\"><\/div><\/div><\/div><\/div><div id=\"panel-474-0-1-1\" class=\"so-panel widget widget_colormag_300x250_advertisement_widget widget_300x250_advertisement\" data-index=\"3\" >\r\n\t\t<div class=\"advertisement_300x250\">\r\n\t\t\t\t\t\t\t<div class=\"cm-advertisement-title\">\r\n\t\t\t\t\t<h3 class=\"widget-title\">Informations<\/h3>\t\t\t\t<\/div>\r\n\t\t\t\t<div class=\"cm-advertisement-content\"><a href=\"https:\/\/clg-peguy-lechesnay.ac-versailles.fr\/wp-content\/uploads\/sites\/308\/2023\/11\/Presentation_PsyEN-2023_Page_1.jpg\" class=\"single_ad_300x250\" target=\"_blank\" rel=\"nofollow\"><img loading=\"lazy\" decoding=\"async\" src=\"https:\/\/clg-peguy-lechesnay.ac-versailles.fr\/wp-content\/uploads\/sites\/308\/2023\/11\/Presentation_PsyEN-2023_Page_1.jpg\" width=\"300\" height=\"250\" alt=\"\"><\/a><\/div>\t\t<\/div>\r\n\r\n\t\t<\/div><div id=\"panel-474-0-1-2\" class=\"so-panel widget widget_colormag_300x250_advertisement_widget widget_300x250_advertisement\" data-index=\"4\" >\r\n\t\t<div class=\"advertisement_300x250\">\r\n\t\t\t<div class=\"cm-advertisement-content\"><a href=\"http:\/\/www.ac-versailles.fr\/cid110100\/c-versailles.html\" class=\"single_ad_300x250\" target=\"_blank\" rel=\"nofollow\"><img loading=\"lazy\" decoding=\"async\" src=\"https:\/\/clg-peguy-lechesnay.ac-versailles.fr\/wp-content\/uploads\/sites\/308\/2019\/03\/cio-1.jpg\" width=\"300\" height=\"250\" alt=\"\"><\/a><\/div>\t\t<\/div>\r\n\r\n\t\t<\/div><div id=\"panel-474-0-1-3\" class=\"so-panel widget widget_colormag_300x250_advertisement_widget widget_300x250_advertisement panel-last-child\" data-index=\"5\" >\r\n\t\t<div class=\"advertisement_300x250\">\r\n\t\t\t<div class=\"cm-advertisement-content\"><a href=\"http:\/\/www.onisep.fr\/Pres-de-chez-vous\/Ile-de-France\/Creteil-Paris-Versailles\" class=\"single_ad_300x250\" target=\"_blank\" rel=\"nofollow\"><img loading=\"lazy\" decoding=\"async\" src=\"https:\/\/clg-peguy-lechesnay.ac-versailles.fr\/wp-content\/uploads\/sites\/308\/2019\/03\/logo_onisep-360x240-1.png\" width=\"300\" height=\"250\" alt=\"\"><\/a><\/div>\t\t<\/div>\r\n\r\n\t\t<\/div><\/div><\/div><\/div>","protected":false},"excerpt":{"rendered":"<p>Sa mission est de contribuer \u00e0 cr\u00e9er les conditions d\u2019un \u00e9quilibre psychologique des \u00e9l\u00e8ves favorisant leur r\u00e9ussite et leur investissement<\/p>\n","protected":false},"author":2028,"featured_media":0,"parent":0,"menu_order":0,"comment_status":"closed","ping_status":"closed","template":"","meta":{"colormag_page_container_layout":"no_sidebar_full_width","colormag_page_sidebar_layout":"no_sidebar","_crdt_document":"","footnotes":""},"class_list":["post-474","page","type-page","status-publish","hentry"],"_links":{"self":[{"href":"https:\/\/clg-peguy-lechesnay.ac-versailles.fr\/index.php?rest_route=\/wp\/v2\/pages\/474","targetHints":{"allow":["GET"]}}],"collection":[{"href":"https:\/\/clg-peguy-lechesnay.ac-versailles.fr\/index.php?rest_route=\/wp\/v2\/pages"}],"about":[{"href":"https:\/\/clg-peguy-lechesnay.ac-versailles.fr\/index.php?rest_route=\/wp\/v2\/types\/page"}],"author":[{"embeddable":true,"href":"https:\/\/clg-peguy-lechesnay.ac-versailles.fr\/index.php?rest_route=\/wp\/v2\/users\/2028"}],"replies":[{"embeddable":true,"href":"https:\/\/clg-peguy-lechesnay.ac-versailles.fr\/index.php?rest_route=%2Fwp%2Fv2%2Fcomments&post=474"}],"version-history":[{"count":11,"href":"https:\/\/clg-peguy-lechesnay.ac-versailles.fr\/index.php?rest_route=\/wp\/v2\/pages\/474\/revisions"}],"predecessor-version":[{"id":8669,"href":"https:\/\/clg-peguy-lechesnay.ac-versailles.fr\/index.php?rest_route=\/wp\/v2\/pages\/474\/revisions\/8669"}],"wp:attachment":[{"href":"https:\/\/clg-peguy-lechesnay.ac-versailles.fr\/index.php?rest_route=%2Fwp%2Fv2%2Fmedia&parent=474"}],"curies":[{"name":"wp","href":"https:\/\/api.w.org\/{rel}","templated":true}]}}