{"id":260,"date":"2019-02-15T12:32:25","date_gmt":"2019-02-15T11:32:25","guid":{"rendered":"http:\/\/www.clg-peguy-lechesnay.ac-versailles.fr\/?page_id=260"},"modified":"2019-02-23T17:38:07","modified_gmt":"2019-02-23T16:38:07","slug":"mentions-legales","status":"publish","type":"page","link":"https:\/\/clg-peguy-lechesnay.ac-versailles.fr\/?page_id=260","title":{"rendered":"Mentions l\u00e9gales"},"content":{"rendered":"<p>En vertu de la loi pour la confiance dans l&rsquo;\u00e9conomie num\u00e9rique (LCEN) du 21 juin 2004, voici les coordonn\u00e9es de l&rsquo;\u00e9diteur et du prestataire qui accueille le site : <span style=\"color: #993300\">https:\/\/clg-peguy-lechesnay.ac-versailles.fr<\/span><\/p>\n<ul>\n<li><strong>Directeur de la publication<\/strong> Mme Florence HOVART, principale<br \/>\n<strong>Responsable d&rsquo;\u00e9dition<\/strong> M. Thibaud DONNADIEU, principal adjoint<br \/>\n<strong>Webmestre<\/strong> M. Eric NOGARO, enseignant &amp; r\u00e9f\u00e9rent num\u00e9rique<\/li>\n<\/ul>\n<p>Le <strong>site est h\u00e9berg\u00e9 par<\/strong>:<\/p>\n<p>Direction des Syst\u00e8mes d\u2019Information (D.S.I.) de l\u2019acad\u00e9mie de Versailles<br \/>\n3 boulevard de Lesseps<br \/>\n78017 Versailles<\/p>\n<p>T\u00e9l : 01 30 83 48 01<\/p>\n<p><strong>Droits d&rsquo;auteurs<\/strong><br \/>\nCe site rel\u00e8ve de la l\u00e9gislation fran\u00e7aise et internationale sur le droit d&rsquo;auteur et la propri\u00e9t\u00e9 intellectuelle. Tous les droits de reproduction sont r\u00e9serv\u00e9s.<\/p>\n<p><strong>Liens hypertextes<\/strong><br \/>\nCe site contient des liens hypertextes permettant l&rsquo;acc\u00e8s \u00e0 des sites qui ne sont pas \u00e9dit\u00e9s par le responsable de ce site.<br \/>\nEn cons\u00e9quence le directeur de publication ne saurait \u00eatre tenu pour responsable du contenu des sites auxquels l&rsquo;internaute aurait ainsi acc\u00e8s.<\/p>\n<p>Il est formellement interdit de collecter et d&rsquo;utiliser les informations disponibles sur le site \u00e0 des fins commerciales.<\/p>\n<p>Cette interdiction s&rsquo;\u00e9tend notamment, sans que cette liste ne soit limitative, \u00e0 tout \u00e9l\u00e9ment r\u00e9dactionnel figurant sur le site, \u00e0 la pr\u00e9sentation des \u00e9crans, aux logiciels n\u00e9cessaires \u00e0 l&rsquo;exploitation, aux logos, images, photos, graphiques, de quelque nature qu&rsquo;ils soient.<\/p>\n<p><strong>Liens hypertextes vers ce site<\/strong><\/p>\n<p>A l&rsquo;exception de sites diffusant des informations et\/ou contenus ayant un caract\u00e8re ill\u00e9gal et\/ou \u00e0 caract\u00e8re politique, religieux, pornographique, x\u00e9nophobe, vous pouvez cr\u00e9er un lien hypertexte vers notre site sur votre site.<\/p>\n<p>La mise en place de lien hypertexte n&rsquo;autorise en aucune fa\u00e7on la reproduction d&rsquo;\u00e9l\u00e9ments du site ou la pr\u00e9sentation sur des sites tiers d&rsquo;\u00e9l\u00e9ments du site sous forme de Frame ou syst\u00e8me apparent\u00e9.<\/p>\n<p>Enfin, la mise en place de lien hypertexte n&rsquo;autorise en aucune fa\u00e7on de proposer l&rsquo;envoi d&rsquo;un message pr\u00e9-r\u00e9dig\u00e9 \u00e0 une adresse mail li\u00e9e au Site ou la mise en place d&rsquo;un syst\u00e8me permettant l&rsquo;envoi massif de messages quelle qu&rsquo;en soit la nature.<\/p>\n<p><strong>Politique de protection des donn\u00e9es<\/strong><\/p>\n<p>Nous tenons au respect de votre vie priv\u00e9e, c&rsquo;est pourquoi les informations mises en ligne sont soumis \u00e0 autorisation des auteurs et des personnes concern\u00e9es (ou leurs responsables l\u00e9gaux). Conform\u00e9ment \u00e0 la loi \u00ab\u00a0informatique et Libert\u00e9s\u00a0\u00bb, vous pouvez toutefois nous faire part \u00e0 tout moment de votre souhait que la diffusion de vos donn\u00e9es sur internet cesse. Nous vous rappelons que vous disposez d&rsquo;un droit d&rsquo;acc\u00e8s de modification, de rectification et de suppression des donn\u00e9es qui vous concernent. Pour exercer ce droit, adressez-vous au directeur de publication ou au webmestre (ce.0783252l@ac-versailles.fr).<\/p>\n","protected":false},"excerpt":{"rendered":"<p>En vertu de la loi pour la confiance dans l&rsquo;\u00e9conomie num\u00e9rique (LCEN) du 21 juin 2004, voici les coordonn\u00e9es de<\/p>\n","protected":false},"author":2028,"featured_media":0,"parent":0,"menu_order":0,"comment_status":"closed","ping_status":"closed","template":"","meta":{"colormag_page_container_layout":"default_layout","colormag_page_sidebar_layout":"default_layout","_crdt_document":"","footnotes":""},"class_list":["post-260","page","type-page","status-publish","hentry"],"_links":{"self":[{"href":"https:\/\/clg-peguy-lechesnay.ac-versailles.fr\/index.php?rest_route=\/wp\/v2\/pages\/260","targetHints":{"allow":["GET"]}}],"collection":[{"href":"https:\/\/clg-peguy-lechesnay.ac-versailles.fr\/index.php?rest_route=\/wp\/v2\/pages"}],"about":[{"href":"https:\/\/clg-peguy-lechesnay.ac-versailles.fr\/index.php?rest_route=\/wp\/v2\/types\/page"}],"author":[{"embeddable":true,"href":"https:\/\/clg-peguy-lechesnay.ac-versailles.fr\/index.php?rest_route=\/wp\/v2\/users\/2028"}],"replies":[{"embeddable":true,"href":"https:\/\/clg-peguy-lechesnay.ac-versailles.fr\/index.php?rest_route=%2Fwp%2Fv2%2Fcomments&post=260"}],"version-history":[{"count":7,"href":"https:\/\/clg-peguy-lechesnay.ac-versailles.fr\/index.php?rest_route=\/wp\/v2\/pages\/260\/revisions"}],"predecessor-version":[{"id":430,"href":"https:\/\/clg-peguy-lechesnay.ac-versailles.fr\/index.php?rest_route=\/wp\/v2\/pages\/260\/revisions\/430"}],"wp:attachment":[{"href":"https:\/\/clg-peguy-lechesnay.ac-versailles.fr\/index.php?rest_route=%2Fwp%2Fv2%2Fmedia&parent=260"}],"curies":[{"name":"wp","href":"https:\/\/api.w.org\/{rel}","templated":true}]}}